{"id":99,"date":"2019-10-08T22:02:45","date_gmt":"2019-10-08T20:02:45","guid":{"rendered":"http:\/\/foto-slub.home.pl\/autoinstalator\/wordpressplugins18\/?page_id=99"},"modified":"2025-10-02T19:13:44","modified_gmt":"2025-10-02T17:13:44","slug":"zapisy","status":"publish","type":"page","link":"https:\/\/maliartysci.schoolpage.pl\/index.php\/rodzice\/zapisy\/","title":{"rendered":"Zapisy"},"content":{"rendered":"\n<p class=\"has-vivid-cyan-blue-color has-luminous-vivid-amber-background-color has-text-color has-background\"><\/p>\n\n\n\n<p>&gt;&gt;&gt;&gt;&gt;&gt;&gt;&gt;&gt;&gt;&gt;&gt;&gt;&gt;&gt;&gt;&gt;&gt;&gt;&gt;&gt;&gt;&gt;&gt;&gt;&gt;&gt;&gt;&gt;&gt;&gt;&gt;&gt;&gt;&gt;&gt;&gt;&gt;&gt;&gt;&gt;&gt;&gt;&gt;&gt;&gt;&gt;<\/p>\n\n\n\n<p class=\"has-vivid-red-color has-text-color\"><strong>NIEPUBLICZNE PRZEDSZKOLE\u00a0 artystyczno-j\u0119zykowe \u201dMALI ARTY\u015aCI\u201d\u00a0 ROZPOCZYNA rekrutacj\u0119 na rok szkolny 2026\/2027.<\/strong><\/p>\n\n\n\n<p class=\"has-vivid-red-color has-text-color\">&nbsp; Karty Zapisu Dziecka mo\u017cna sk\u0142ada\u0107&nbsp; drog\u0105 mailow\u0105 lub&nbsp; osobi\u015bcie w sekretariacie przedszkola.<\/p>\n\n\n\n<p class=\"has-vivid-green-cyan-color has-text-color\"><strong>Karty Zg\u0142oszenia Dziecka b\u0119d\u0105 przyjmowane do 31 grudnia 2025 r.<\/strong><\/p>\n\n\n\n<p>Informujemy ,\u017ce wype\u0142nienie Karty oznacza wpisanie na list\u0119 dzieci oczekuj\u0105cych na miejsce w plac\u00f3wce w kolejnym roku szkolnym&nbsp; (nie jest ono r\u00f3wnoznaczne z gwarancj\u0105 przyj\u0119cia dziecka )&nbsp; Przyjmowane b\u0119d\u0105 dzieci w wieku od 2,5 lat do 6 lat. Wst\u0119pne informacje o li\u015bcie przyj\u0119tych dzieci przeka\u017cemy rodzicom&nbsp; po 15 marca 2026r.<strong> <\/strong><\/p>\n\n\n\n<p class=\"has-vivid-red-color has-text-color\"><strong>Nr konta 57 1160 2202 0000 0006 2801 0952<\/strong><\/p>\n\n\n\n<figure class=\"wp-block-image size-full is-resized\"><img loading=\"lazy\" decoding=\"async\" width=\"318\" height=\"159\" src=\"https:\/\/maliartysci.schoolpage.pl\/wp-content\/uploads\/2025\/04\/do-nas.jpg\" alt=\"\" class=\"wp-image-1422\" style=\"width:300px;height:auto\" srcset=\"https:\/\/maliartysci.schoolpage.pl\/wp-content\/uploads\/2025\/04\/do-nas.jpg 318w, https:\/\/maliartysci.schoolpage.pl\/wp-content\/uploads\/2025\/04\/do-nas-300x150.jpg 300w\" sizes=\"auto, (max-width: 318px) 100vw, 318px\" \/><\/figure>\n","protected":false},"excerpt":{"rendered":"<p>&gt;&gt;&gt;&gt;&gt;&gt;&gt;&gt;&gt;&gt;&gt;&gt;&gt;&gt;&gt;&gt;&gt;&gt;&gt;&gt;&gt;&gt;&gt;&gt;&gt;&gt;&gt;&gt;&gt;&gt;&gt;&gt;&gt;&gt;&gt;&gt;&gt;&gt;&gt;&gt;&gt;&gt;&gt;&gt;&gt;&gt;&gt; NIEPUBLICZNE PRZEDSZKOLE\u00a0 artystyczno-j\u0119zykowe \u201dMALI ARTY\u015aCI\u201d\u00a0 ROZPOCZYNA rekrutacj\u0119 na rok szkolny 2026\/2027. &nbsp; Karty Zapisu Dziecka mo\u017cna sk\u0142ada\u0107&nbsp; drog\u0105 mailow\u0105 lub&nbsp; osobi\u015bcie w sekretariacie przedszkola. Karty Zg\u0142oszenia Dziecka b\u0119d\u0105 przyjmowane do 31 grudnia 2025 r. Informujemy ,\u017ce wype\u0142nienie Karty oznacza<\/p>\n","protected":false},"author":1,"featured_media":0,"parent":82,"menu_order":0,"comment_status":"closed","ping_status":"closed","template":"","meta":{"footnotes":""},"class_list":["post-99","page","type-page","status-publish","hentry"],"yoast_head":"<!-- This site is optimized with the Yoast SEO plugin v27.5 - https:\/\/yoast.com\/product\/yoast-seo-wordpress\/ -->\n<title>Zapisy - Mali Arty\u015bci<\/title>\n<meta name=\"robots\" content=\"index, follow, max-snippet:-1, max-image-preview:large, max-video-preview:-1\" \/>\n<link rel=\"canonical\" href=\"https:\/\/maliartysci.schoolpage.pl\/index.php\/rodzice\/zapisy\/\" \/>\n<meta property=\"og:locale\" content=\"pl_PL\" \/>\n<meta property=\"og:type\" content=\"article\" \/>\n<meta property=\"og:title\" content=\"Zapisy - Mali Arty\u015bci\" \/>\n<meta property=\"og:description\" content=\"&gt;&gt;&gt;&gt;&gt;&gt;&gt;&gt;&gt;&gt;&gt;&gt;&gt;&gt;&gt;&gt;&gt;&gt;&gt;&gt;&gt;&gt;&gt;&gt;&gt;&gt;&gt;&gt;&gt;&gt;&gt;&gt;&gt;&gt;&gt;&gt;&gt;&gt;&gt;&gt;&gt;&gt;&gt;&gt;&gt;&gt;&gt; NIEPUBLICZNE PRZEDSZKOLE\u00a0 artystyczno-j\u0119zykowe \u201dMALI ARTY\u015aCI\u201d\u00a0 ROZPOCZYNA rekrutacj\u0119 na rok szkolny 2026\/2027. &nbsp; Karty Zapisu Dziecka mo\u017cna sk\u0142ada\u0107&nbsp; drog\u0105 mailow\u0105 lub&nbsp; osobi\u015bcie w sekretariacie przedszkola. Karty Zg\u0142oszenia Dziecka b\u0119d\u0105 przyjmowane do 31 grudnia 2025 r. Informujemy ,\u017ce wype\u0142nienie Karty oznacza\" \/>\n<meta property=\"og:url\" content=\"https:\/\/maliartysci.schoolpage.pl\/index.php\/rodzice\/zapisy\/\" \/>\n<meta property=\"og:site_name\" content=\"Mali Arty\u015bci\" \/>\n<meta property=\"article:modified_time\" content=\"2025-10-02T17:13:44+00:00\" \/>\n<meta property=\"og:image\" content=\"https:\/\/maliartysci.schoolpage.pl\/wp-content\/uploads\/2025\/04\/do-nas.jpg\" \/>\n\t<meta property=\"og:image:width\" content=\"318\" \/>\n\t<meta property=\"og:image:height\" content=\"159\" \/>\n\t<meta property=\"og:image:type\" content=\"image\/jpeg\" \/>\n<meta name=\"twitter:card\" content=\"summary_large_image\" \/>\n<meta name=\"twitter:label1\" content=\"Szacowany czas czytania\" \/>\n\t<meta name=\"twitter:data1\" content=\"1 minuta\" \/>\n<script type=\"application\/ld+json\" class=\"yoast-schema-graph\">{\"@context\":\"https:\\\/\\\/schema.org\",\"@graph\":[{\"@type\":\"WebPage\",\"@id\":\"https:\\\/\\\/maliartysci.schoolpage.pl\\\/index.php\\\/rodzice\\\/zapisy\\\/\",\"url\":\"https:\\\/\\\/maliartysci.schoolpage.pl\\\/index.php\\\/rodzice\\\/zapisy\\\/\",\"name\":\"Zapisy - Mali Arty\u015bci\",\"isPartOf\":{\"@id\":\"https:\\\/\\\/maliartysci.schoolpage.pl\\\/#website\"},\"primaryImageOfPage\":{\"@id\":\"https:\\\/\\\/maliartysci.schoolpage.pl\\\/index.php\\\/rodzice\\\/zapisy\\\/#primaryimage\"},\"image\":{\"@id\":\"https:\\\/\\\/maliartysci.schoolpage.pl\\\/index.php\\\/rodzice\\\/zapisy\\\/#primaryimage\"},\"thumbnailUrl\":\"https:\\\/\\\/maliartysci.schoolpage.pl\\\/wp-content\\\/uploads\\\/2025\\\/04\\\/do-nas.jpg\",\"datePublished\":\"2019-10-08T20:02:45+00:00\",\"dateModified\":\"2025-10-02T17:13:44+00:00\",\"breadcrumb\":{\"@id\":\"https:\\\/\\\/maliartysci.schoolpage.pl\\\/index.php\\\/rodzice\\\/zapisy\\\/#breadcrumb\"},\"inLanguage\":\"pl-PL\",\"potentialAction\":[{\"@type\":\"ReadAction\",\"target\":[\"https:\\\/\\\/maliartysci.schoolpage.pl\\\/index.php\\\/rodzice\\\/zapisy\\\/\"]}]},{\"@type\":\"ImageObject\",\"inLanguage\":\"pl-PL\",\"@id\":\"https:\\\/\\\/maliartysci.schoolpage.pl\\\/index.php\\\/rodzice\\\/zapisy\\\/#primaryimage\",\"url\":\"https:\\\/\\\/maliartysci.schoolpage.pl\\\/wp-content\\\/uploads\\\/2025\\\/04\\\/do-nas.jpg\",\"contentUrl\":\"https:\\\/\\\/maliartysci.schoolpage.pl\\\/wp-content\\\/uploads\\\/2025\\\/04\\\/do-nas.jpg\",\"width\":318,\"height\":159},{\"@type\":\"BreadcrumbList\",\"@id\":\"https:\\\/\\\/maliartysci.schoolpage.pl\\\/index.php\\\/rodzice\\\/zapisy\\\/#breadcrumb\",\"itemListElement\":[{\"@type\":\"ListItem\",\"position\":1,\"name\":\"Strona g\u0142\u00f3wna\",\"item\":\"https:\\\/\\\/maliartysci.schoolpage.pl\\\/\"},{\"@type\":\"ListItem\",\"position\":2,\"name\":\"Rodzice\",\"item\":\"https:\\\/\\\/maliartysci.schoolpage.pl\\\/index.php\\\/rodzice\\\/\"},{\"@type\":\"ListItem\",\"position\":3,\"name\":\"Zapisy\"}]},{\"@type\":\"WebSite\",\"@id\":\"https:\\\/\\\/maliartysci.schoolpage.pl\\\/#website\",\"url\":\"https:\\\/\\\/maliartysci.schoolpage.pl\\\/\",\"name\":\"Mali Arty\u015bci\",\"description\":\"Niepubliczne Przedszkole\",\"publisher\":{\"@id\":\"https:\\\/\\\/maliartysci.schoolpage.pl\\\/#organization\"},\"potentialAction\":[{\"@type\":\"SearchAction\",\"target\":{\"@type\":\"EntryPoint\",\"urlTemplate\":\"https:\\\/\\\/maliartysci.schoolpage.pl\\\/?s={search_term_string}\"},\"query-input\":{\"@type\":\"PropertyValueSpecification\",\"valueRequired\":true,\"valueName\":\"search_term_string\"}}],\"inLanguage\":\"pl-PL\"},{\"@type\":\"Organization\",\"@id\":\"https:\\\/\\\/maliartysci.schoolpage.pl\\\/#organization\",\"name\":\"Mali Arty\u015bci\",\"url\":\"https:\\\/\\\/maliartysci.schoolpage.pl\\\/\",\"logo\":{\"@type\":\"ImageObject\",\"inLanguage\":\"pl-PL\",\"@id\":\"https:\\\/\\\/maliartysci.schoolpage.pl\\\/#\\\/schema\\\/logo\\\/image\\\/\",\"url\":\"https:\\\/\\\/maliartysci.schoolpage.pl\\\/wp-content\\\/uploads\\\/2019\\\/10\\\/cropped-logo-ma\u0142e72.jpg\",\"contentUrl\":\"https:\\\/\\\/maliartysci.schoolpage.pl\\\/wp-content\\\/uploads\\\/2019\\\/10\\\/cropped-logo-ma\u0142e72.jpg\",\"width\":90,\"height\":90,\"caption\":\"Mali Arty\u015bci\"},\"image\":{\"@id\":\"https:\\\/\\\/maliartysci.schoolpage.pl\\\/#\\\/schema\\\/logo\\\/image\\\/\"}}]}<\/script>\n<!-- \/ Yoast SEO plugin. -->","yoast_head_json":{"title":"Zapisy - Mali Arty\u015bci","robots":{"index":"index","follow":"follow","max-snippet":"max-snippet:-1","max-image-preview":"max-image-preview:large","max-video-preview":"max-video-preview:-1"},"canonical":"https:\/\/maliartysci.schoolpage.pl\/index.php\/rodzice\/zapisy\/","og_locale":"pl_PL","og_type":"article","og_title":"Zapisy - Mali Arty\u015bci","og_description":"&gt;&gt;&gt;&gt;&gt;&gt;&gt;&gt;&gt;&gt;&gt;&gt;&gt;&gt;&gt;&gt;&gt;&gt;&gt;&gt;&gt;&gt;&gt;&gt;&gt;&gt;&gt;&gt;&gt;&gt;&gt;&gt;&gt;&gt;&gt;&gt;&gt;&gt;&gt;&gt;&gt;&gt;&gt;&gt;&gt;&gt;&gt; NIEPUBLICZNE PRZEDSZKOLE\u00a0 artystyczno-j\u0119zykowe \u201dMALI ARTY\u015aCI\u201d\u00a0 ROZPOCZYNA rekrutacj\u0119 na rok szkolny 2026\/2027. &nbsp; Karty Zapisu Dziecka mo\u017cna sk\u0142ada\u0107&nbsp; drog\u0105 mailow\u0105 lub&nbsp; osobi\u015bcie w sekretariacie przedszkola. Karty Zg\u0142oszenia Dziecka b\u0119d\u0105 przyjmowane do 31 grudnia 2025 r. Informujemy ,\u017ce wype\u0142nienie Karty oznacza","og_url":"https:\/\/maliartysci.schoolpage.pl\/index.php\/rodzice\/zapisy\/","og_site_name":"Mali Arty\u015bci","article_modified_time":"2025-10-02T17:13:44+00:00","og_image":[{"width":318,"height":159,"url":"https:\/\/maliartysci.schoolpage.pl\/wp-content\/uploads\/2025\/04\/do-nas.jpg","type":"image\/jpeg"}],"twitter_card":"summary_large_image","twitter_misc":{"Szacowany czas czytania":"1 minuta"},"schema":{"@context":"https:\/\/schema.org","@graph":[{"@type":"WebPage","@id":"https:\/\/maliartysci.schoolpage.pl\/index.php\/rodzice\/zapisy\/","url":"https:\/\/maliartysci.schoolpage.pl\/index.php\/rodzice\/zapisy\/","name":"Zapisy - Mali Arty\u015bci","isPartOf":{"@id":"https:\/\/maliartysci.schoolpage.pl\/#website"},"primaryImageOfPage":{"@id":"https:\/\/maliartysci.schoolpage.pl\/index.php\/rodzice\/zapisy\/#primaryimage"},"image":{"@id":"https:\/\/maliartysci.schoolpage.pl\/index.php\/rodzice\/zapisy\/#primaryimage"},"thumbnailUrl":"https:\/\/maliartysci.schoolpage.pl\/wp-content\/uploads\/2025\/04\/do-nas.jpg","datePublished":"2019-10-08T20:02:45+00:00","dateModified":"2025-10-02T17:13:44+00:00","breadcrumb":{"@id":"https:\/\/maliartysci.schoolpage.pl\/index.php\/rodzice\/zapisy\/#breadcrumb"},"inLanguage":"pl-PL","potentialAction":[{"@type":"ReadAction","target":["https:\/\/maliartysci.schoolpage.pl\/index.php\/rodzice\/zapisy\/"]}]},{"@type":"ImageObject","inLanguage":"pl-PL","@id":"https:\/\/maliartysci.schoolpage.pl\/index.php\/rodzice\/zapisy\/#primaryimage","url":"https:\/\/maliartysci.schoolpage.pl\/wp-content\/uploads\/2025\/04\/do-nas.jpg","contentUrl":"https:\/\/maliartysci.schoolpage.pl\/wp-content\/uploads\/2025\/04\/do-nas.jpg","width":318,"height":159},{"@type":"BreadcrumbList","@id":"https:\/\/maliartysci.schoolpage.pl\/index.php\/rodzice\/zapisy\/#breadcrumb","itemListElement":[{"@type":"ListItem","position":1,"name":"Strona g\u0142\u00f3wna","item":"https:\/\/maliartysci.schoolpage.pl\/"},{"@type":"ListItem","position":2,"name":"Rodzice","item":"https:\/\/maliartysci.schoolpage.pl\/index.php\/rodzice\/"},{"@type":"ListItem","position":3,"name":"Zapisy"}]},{"@type":"WebSite","@id":"https:\/\/maliartysci.schoolpage.pl\/#website","url":"https:\/\/maliartysci.schoolpage.pl\/","name":"Mali Arty\u015bci","description":"Niepubliczne Przedszkole","publisher":{"@id":"https:\/\/maliartysci.schoolpage.pl\/#organization"},"potentialAction":[{"@type":"SearchAction","target":{"@type":"EntryPoint","urlTemplate":"https:\/\/maliartysci.schoolpage.pl\/?s={search_term_string}"},"query-input":{"@type":"PropertyValueSpecification","valueRequired":true,"valueName":"search_term_string"}}],"inLanguage":"pl-PL"},{"@type":"Organization","@id":"https:\/\/maliartysci.schoolpage.pl\/#organization","name":"Mali Arty\u015bci","url":"https:\/\/maliartysci.schoolpage.pl\/","logo":{"@type":"ImageObject","inLanguage":"pl-PL","@id":"https:\/\/maliartysci.schoolpage.pl\/#\/schema\/logo\/image\/","url":"https:\/\/maliartysci.schoolpage.pl\/wp-content\/uploads\/2019\/10\/cropped-logo-ma\u0142e72.jpg","contentUrl":"https:\/\/maliartysci.schoolpage.pl\/wp-content\/uploads\/2019\/10\/cropped-logo-ma\u0142e72.jpg","width":90,"height":90,"caption":"Mali Arty\u015bci"},"image":{"@id":"https:\/\/maliartysci.schoolpage.pl\/#\/schema\/logo\/image\/"}}]}},"_links":{"self":[{"href":"https:\/\/maliartysci.schoolpage.pl\/index.php\/wp-json\/wp\/v2\/pages\/99","targetHints":{"allow":["GET"]}}],"collection":[{"href":"https:\/\/maliartysci.schoolpage.pl\/index.php\/wp-json\/wp\/v2\/pages"}],"about":[{"href":"https:\/\/maliartysci.schoolpage.pl\/index.php\/wp-json\/wp\/v2\/types\/page"}],"author":[{"embeddable":true,"href":"https:\/\/maliartysci.schoolpage.pl\/index.php\/wp-json\/wp\/v2\/users\/1"}],"replies":[{"embeddable":true,"href":"https:\/\/maliartysci.schoolpage.pl\/index.php\/wp-json\/wp\/v2\/comments?post=99"}],"version-history":[{"count":11,"href":"https:\/\/maliartysci.schoolpage.pl\/index.php\/wp-json\/wp\/v2\/pages\/99\/revisions"}],"predecessor-version":[{"id":1559,"href":"https:\/\/maliartysci.schoolpage.pl\/index.php\/wp-json\/wp\/v2\/pages\/99\/revisions\/1559"}],"up":[{"embeddable":true,"href":"https:\/\/maliartysci.schoolpage.pl\/index.php\/wp-json\/wp\/v2\/pages\/82"}],"wp:attachment":[{"href":"https:\/\/maliartysci.schoolpage.pl\/index.php\/wp-json\/wp\/v2\/media?parent=99"}],"curies":[{"name":"wp","href":"https:\/\/api.w.org\/{rel}","templated":true}]}}