{"id":90,"date":"2019-10-08T22:00:25","date_gmt":"2019-10-08T20:00:25","guid":{"rendered":"http:\/\/foto-slub.home.pl\/autoinstalator\/wordpressplugins18\/?page_id=90"},"modified":"2025-10-02T18:58:38","modified_gmt":"2025-10-02T16:58:38","slug":"odplatnosc-za-przedszkole","status":"publish","type":"page","link":"https:\/\/maliartysci.schoolpage.pl\/index.php\/rodzice\/odplatnosc-za-przedszkole\/","title":{"rendered":"Odp\u0142atno\u015b\u0107 za przedszkole"},"content":{"rendered":"\n<h3 class=\"wp-block-heading has-vivid-cyan-blue-color has-text-color\"><strong>Wpisowe:<\/strong><\/h3>\n\n\n\n<h3 class=\"wp-block-heading has-vivid-purple-color has-text-color\">&#8211; Jednorazowa op\u0142ata 600 z\u0142 na rok .\u00a0<\/h3>\n\n\n\n<h3 class=\"wp-block-heading has-vivid-purple-color has-text-color\"><strong>&#8211; Czesne miesi\u0119czne : 700 z\u0142. <\/strong><\/h3>\n\n\n\n<p class=\"has-cyan-bluish-gray-background-color has-background\"><em>W przypadku drugiego dziecka proponujemy zni\u017ck\u0119!<\/em><\/p>\n\n\n\n<h3 class=\"wp-block-heading has-vivid-cyan-blue-color has-text-color\"><strong>W ramach czesnego oferujemy:<\/strong><\/h3>\n\n\n\n<p class=\"has-vivid-red-color has-text-color\">\u2013Pe\u0142n\u0105 realizacj\u0119 zaj\u0119\u0107 edukacyjnych zgodnych z now\u0105 podstaw\u0105 programow\u0105.<\/p>\n\n\n\n<p class=\"has-vivid-red-color has-text-color\">\u2013Wykwalifikowan\u0105 kadr\u0119 pedagogiczn\u0105.<\/p>\n\n\n\n<p class=\"has-vivid-red-color has-text-color\">\u2013Nauk\u0119 j\u0119zyka angielskiego,&nbsp;5 razy w tygodniu.<\/p>\n\n\n\n<p class=\"has-vivid-red-color has-text-color\">\u2013Rytmik\u0119 1 raz w tygodniu.<\/p>\n\n\n\n<p class=\"has-vivid-red-color has-text-color\">-Zaj\u0119cia umuzykalniaj\u0105ce z elementami nauki gry na instrumentach<\/p>\n\n\n\n<p class=\"has-vivid-red-color has-text-color\">\u2013Szerok\u0105 gam\u0119 zaj\u0119\u0107 artystycznych (warsztaty plastyczne, florystyczne, malarstwo sztalugowe, warsztaty teatralne).<\/p>\n\n\n\n<p class=\"has-vivid-red-color has-text-color\">\u2013Opiek\u0119 psychologa, pedagoga i logopedy.<\/p>\n\n\n\n<p class=\"has-vivid-red-color has-text-color\">\u2013Gimnastyk\u0119 og\u00f3lnorozwojow\u0105.<\/p>\n\n\n\n<p class=\"has-vivid-red-color has-text-color\">\u2013Jedn\u0105 wycieczk\u0119 w roku- Krak\u00f3w i okolice.<\/p>\n\n\n\n<p class=\"has-vivid-red-color has-text-color\">\u2013Spotkania z ciekawymi lud\u017ami.<\/p>\n\n\n\n<p class=\"has-vivid-red-color has-text-color\">\u2013Urodziny dziecka (prezent dla jubilata, pocz\u0119stunek &#8211; torcik, owoce, woda, soki, zabawy i konkursy)<\/p>\n\n\n\n<p class=\"has-vivid-red-color has-text-color\">\u2013Spotkania ze sztuk\u0105.(teatrzyki, teatry, filharmonia, koncerty, biblioteki, galerie, wystawy ,targi)<\/p>\n\n\n\n<p class=\"has-vivid-red-color has-text-color\">\u2013Imprezy okoliczno\u015bciowe.<\/p>\n\n\n\n<p class=\"has-vivid-red-color has-text-color\">&#8211; Zaj\u0119cia z muzykoterapii i bajkoterapii<\/p>\n\n\n\n<p class=\"has-vivid-red-color has-text-color\">\u2013Udzia\u0142 w konkursach og\u00f3lnopolskich,regionalnych,organizowanych w Krakowie lub tylko w naszym przedszkolu(np.recytatorskich).<\/p>\n\n\n\n<p class=\"has-vivid-red-color has-luminous-vivid-amber-background-color has-text-color has-background\"><strong>Przedszkole uczestniczy w licznych zewn\u0119trznych akcjach i programach edukacyjnych, takich jak:<\/strong><\/p>\n\n\n\n<p class=\"has-vivid-cyan-blue-color has-text-color\"><strong>&nbsp;CA\u0141A POLSKA CZYTA DZIECIOM<\/strong><\/p>\n\n\n\n<p class=\"has-vivid-cyan-blue-color has-text-color\"><strong>G\u00d3RA GROSZA<\/strong><\/p>\n\n\n\n<p class=\"has-vivid-cyan-blue-color has-text-color\"><strong>GWIAZDKA DLA ZWIERZAKA<\/strong><\/p>\n\n\n\n<p class=\"has-vivid-cyan-blue-color has-text-color\"><strong>SZLACHETNA PACZKA<\/strong><\/p>\n\n\n\n<p class=\"has-vivid-cyan-blue-color has-text-color\"><strong>MAMO,TATO WOL\u0118 WOD\u0118<\/strong><\/p>\n\n\n\n<p class=\"has-vivid-cyan-blue-color has-text-color\"><strong>5 PORCJI OWOC\u00d3W ,WARZYW<\/strong><\/p>\n\n\n\n<p class=\"has-vivid-cyan-blue-color has-text-color\"><strong>AKADEMIA AQUAFRESH<\/strong><\/p>\n\n\n\n<p class=\"has-vivid-cyan-blue-color has-text-color\"><strong>AKADEMIA ZDROWEGO PRZEDSZKOLAKA<\/strong><\/p>\n\n\n\n<p class=\"has-vivid-cyan-blue-color has-text-color\"><strong>KUBUSIOWI PRZYJACIELE NATURY<\/strong><\/p>\n\n\n\n<p class=\"has-vivid-cyan-blue-color has-text-color\"><strong>CZYSTE POWIETRZE WOK\u00d3\u0141 NAS<\/strong><\/p>\n\n\n\n<p class=\"has-vivid-cyan-blue-color has-text-color\"><strong>SPRZ\u0104TANIE \u015aWIATA<\/strong><\/p>\n\n\n\n<p class=\"has-vivid-cyan-blue-color has-text-color\"><strong>PROGRAMY PROFILAKTYCZNO -PREWENCYJNO-SZKOLENIOWE WRAZ&nbsp; ZE: STRA\u017b\u0104 MIEJSK\u0104 (NP;AUTOCHODZIK),POLICJ\u0104,STRA\u017b\u0104 PO\u017bARN\u0104 ,SANEPIDEM.<\/strong><\/p>\n\n\n\n<p class=\"has-vivid-cyan-blue-color has-text-color\"><strong>WARSZTATY PSYCHOLOGICZNO-PEDAGOGICZNE DLA RODZIC\u00d3W<\/strong><\/p>\n\n\n\n<p>\u2026\u2026\u2026\u2026\u2026\u2026\u2026\u2026\u2026\u2026\u2026\u2026\u2026\u2026\u2026\u2026\u2026\u2026\u2026\u2026\u2026\u2026\u2026\u2026\u2026\u2026\u2026\u2026\u2026\u2026\u2026\u2026\u2026..<\/p>\n\n\n\n<p>Oferujemy mo\u017cliwo\u015b\u0107 organizowania dodatkowych zaj\u0119\u0107 odp\u0142atnych w\/g uznania rodzic\u00f3w i zainteresowania dzieci, np. robotyka,balet,zaj\u0119cia kulinarne.<\/p>\n\n\n\n<p class=\"has-vivid-green-cyan-color has-vivid-cyan-blue-background-color has-text-color has-background\"><strong>Program obecnie prowadzonych zaj\u0119\u0107 prezentujemy w zak\u0142adce:\u201d Zaj\u0119cia dodatkowe\u201d<\/strong><\/p>\n\n\n\n<p class=\"has-luminous-vivid-orange-color has-text-color\"><strong>SZANOWNI RODZICE<\/strong><\/p>\n\n\n\n<p>Wp\u0142aty nale\u017cy dokonywa\u0107 na konto:<\/p>\n\n\n\n<p class=\"has-vivid-red-color has-text-color\"><strong>Nr konta 57 1160 2202 0000 0006 2801 0952<\/strong><\/p>\n\n\n\n<p><\/p>\n","protected":false},"excerpt":{"rendered":"<p>Wpisowe: &#8211; Jednorazowa op\u0142ata 600 z\u0142 na rok .\u00a0 &#8211; Czesne miesi\u0119czne : 700 z\u0142. W przypadku drugiego dziecka proponujemy zni\u017ck\u0119! W ramach czesnego oferujemy: \u2013Pe\u0142n\u0105 realizacj\u0119 zaj\u0119\u0107 edukacyjnych zgodnych z now\u0105 podstaw\u0105 programow\u0105. \u2013Wykwalifikowan\u0105 kadr\u0119 pedagogiczn\u0105. \u2013Nauk\u0119 j\u0119zyka angielskiego,&nbsp;5<\/p>\n","protected":false},"author":1,"featured_media":0,"parent":82,"menu_order":0,"comment_status":"closed","ping_status":"closed","template":"","meta":{"footnotes":""},"class_list":["post-90","page","type-page","status-publish","hentry"],"yoast_head":"<!-- This site is optimized with the Yoast SEO plugin v27.5 - https:\/\/yoast.com\/product\/yoast-seo-wordpress\/ -->\n<title>Odp\u0142atno\u015b\u0107 za przedszkole - Mali Arty\u015bci<\/title>\n<meta name=\"robots\" content=\"index, follow, max-snippet:-1, max-image-preview:large, max-video-preview:-1\" \/>\n<link rel=\"canonical\" href=\"https:\/\/maliartysci.schoolpage.pl\/index.php\/rodzice\/odplatnosc-za-przedszkole\/\" \/>\n<meta property=\"og:locale\" content=\"pl_PL\" \/>\n<meta property=\"og:type\" content=\"article\" \/>\n<meta property=\"og:title\" content=\"Odp\u0142atno\u015b\u0107 za przedszkole - Mali Arty\u015bci\" \/>\n<meta property=\"og:description\" content=\"Wpisowe: &#8211; Jednorazowa op\u0142ata 600 z\u0142 na rok .\u00a0 &#8211; Czesne miesi\u0119czne : 700 z\u0142. W przypadku drugiego dziecka proponujemy zni\u017ck\u0119! W ramach czesnego oferujemy: \u2013Pe\u0142n\u0105 realizacj\u0119 zaj\u0119\u0107 edukacyjnych zgodnych z now\u0105 podstaw\u0105 programow\u0105. \u2013Wykwalifikowan\u0105 kadr\u0119 pedagogiczn\u0105. \u2013Nauk\u0119 j\u0119zyka angielskiego,&nbsp;5\" \/>\n<meta property=\"og:url\" content=\"https:\/\/maliartysci.schoolpage.pl\/index.php\/rodzice\/odplatnosc-za-przedszkole\/\" \/>\n<meta property=\"og:site_name\" content=\"Mali Arty\u015bci\" \/>\n<meta property=\"article:modified_time\" content=\"2025-10-02T16:58:38+00:00\" \/>\n<meta name=\"twitter:card\" content=\"summary_large_image\" \/>\n<meta name=\"twitter:label1\" content=\"Szacowany czas czytania\" \/>\n\t<meta name=\"twitter:data1\" content=\"2 minuty\" \/>\n<script type=\"application\/ld+json\" class=\"yoast-schema-graph\">{\"@context\":\"https:\\\/\\\/schema.org\",\"@graph\":[{\"@type\":\"WebPage\",\"@id\":\"https:\\\/\\\/maliartysci.schoolpage.pl\\\/index.php\\\/rodzice\\\/odplatnosc-za-przedszkole\\\/\",\"url\":\"https:\\\/\\\/maliartysci.schoolpage.pl\\\/index.php\\\/rodzice\\\/odplatnosc-za-przedszkole\\\/\",\"name\":\"Odp\u0142atno\u015b\u0107 za przedszkole - Mali Arty\u015bci\",\"isPartOf\":{\"@id\":\"https:\\\/\\\/maliartysci.schoolpage.pl\\\/#website\"},\"datePublished\":\"2019-10-08T20:00:25+00:00\",\"dateModified\":\"2025-10-02T16:58:38+00:00\",\"breadcrumb\":{\"@id\":\"https:\\\/\\\/maliartysci.schoolpage.pl\\\/index.php\\\/rodzice\\\/odplatnosc-za-przedszkole\\\/#breadcrumb\"},\"inLanguage\":\"pl-PL\",\"potentialAction\":[{\"@type\":\"ReadAction\",\"target\":[\"https:\\\/\\\/maliartysci.schoolpage.pl\\\/index.php\\\/rodzice\\\/odplatnosc-za-przedszkole\\\/\"]}]},{\"@type\":\"BreadcrumbList\",\"@id\":\"https:\\\/\\\/maliartysci.schoolpage.pl\\\/index.php\\\/rodzice\\\/odplatnosc-za-przedszkole\\\/#breadcrumb\",\"itemListElement\":[{\"@type\":\"ListItem\",\"position\":1,\"name\":\"Strona g\u0142\u00f3wna\",\"item\":\"https:\\\/\\\/maliartysci.schoolpage.pl\\\/\"},{\"@type\":\"ListItem\",\"position\":2,\"name\":\"Rodzice\",\"item\":\"https:\\\/\\\/maliartysci.schoolpage.pl\\\/index.php\\\/rodzice\\\/\"},{\"@type\":\"ListItem\",\"position\":3,\"name\":\"Odp\u0142atno\u015b\u0107 za przedszkole\"}]},{\"@type\":\"WebSite\",\"@id\":\"https:\\\/\\\/maliartysci.schoolpage.pl\\\/#website\",\"url\":\"https:\\\/\\\/maliartysci.schoolpage.pl\\\/\",\"name\":\"Mali Arty\u015bci\",\"description\":\"Niepubliczne Przedszkole\",\"publisher\":{\"@id\":\"https:\\\/\\\/maliartysci.schoolpage.pl\\\/#organization\"},\"potentialAction\":[{\"@type\":\"SearchAction\",\"target\":{\"@type\":\"EntryPoint\",\"urlTemplate\":\"https:\\\/\\\/maliartysci.schoolpage.pl\\\/?s={search_term_string}\"},\"query-input\":{\"@type\":\"PropertyValueSpecification\",\"valueRequired\":true,\"valueName\":\"search_term_string\"}}],\"inLanguage\":\"pl-PL\"},{\"@type\":\"Organization\",\"@id\":\"https:\\\/\\\/maliartysci.schoolpage.pl\\\/#organization\",\"name\":\"Mali Arty\u015bci\",\"url\":\"https:\\\/\\\/maliartysci.schoolpage.pl\\\/\",\"logo\":{\"@type\":\"ImageObject\",\"inLanguage\":\"pl-PL\",\"@id\":\"https:\\\/\\\/maliartysci.schoolpage.pl\\\/#\\\/schema\\\/logo\\\/image\\\/\",\"url\":\"https:\\\/\\\/maliartysci.schoolpage.pl\\\/wp-content\\\/uploads\\\/2019\\\/10\\\/cropped-logo-ma\u0142e72.jpg\",\"contentUrl\":\"https:\\\/\\\/maliartysci.schoolpage.pl\\\/wp-content\\\/uploads\\\/2019\\\/10\\\/cropped-logo-ma\u0142e72.jpg\",\"width\":90,\"height\":90,\"caption\":\"Mali Arty\u015bci\"},\"image\":{\"@id\":\"https:\\\/\\\/maliartysci.schoolpage.pl\\\/#\\\/schema\\\/logo\\\/image\\\/\"}}]}<\/script>\n<!-- \/ Yoast SEO plugin. -->","yoast_head_json":{"title":"Odp\u0142atno\u015b\u0107 za przedszkole - Mali Arty\u015bci","robots":{"index":"index","follow":"follow","max-snippet":"max-snippet:-1","max-image-preview":"max-image-preview:large","max-video-preview":"max-video-preview:-1"},"canonical":"https:\/\/maliartysci.schoolpage.pl\/index.php\/rodzice\/odplatnosc-za-przedszkole\/","og_locale":"pl_PL","og_type":"article","og_title":"Odp\u0142atno\u015b\u0107 za przedszkole - Mali Arty\u015bci","og_description":"Wpisowe: &#8211; Jednorazowa op\u0142ata 600 z\u0142 na rok .\u00a0 &#8211; Czesne miesi\u0119czne : 700 z\u0142. W przypadku drugiego dziecka proponujemy zni\u017ck\u0119! W ramach czesnego oferujemy: \u2013Pe\u0142n\u0105 realizacj\u0119 zaj\u0119\u0107 edukacyjnych zgodnych z now\u0105 podstaw\u0105 programow\u0105. \u2013Wykwalifikowan\u0105 kadr\u0119 pedagogiczn\u0105. \u2013Nauk\u0119 j\u0119zyka angielskiego,&nbsp;5","og_url":"https:\/\/maliartysci.schoolpage.pl\/index.php\/rodzice\/odplatnosc-za-przedszkole\/","og_site_name":"Mali Arty\u015bci","article_modified_time":"2025-10-02T16:58:38+00:00","twitter_card":"summary_large_image","twitter_misc":{"Szacowany czas czytania":"2 minuty"},"schema":{"@context":"https:\/\/schema.org","@graph":[{"@type":"WebPage","@id":"https:\/\/maliartysci.schoolpage.pl\/index.php\/rodzice\/odplatnosc-za-przedszkole\/","url":"https:\/\/maliartysci.schoolpage.pl\/index.php\/rodzice\/odplatnosc-za-przedszkole\/","name":"Odp\u0142atno\u015b\u0107 za przedszkole - Mali Arty\u015bci","isPartOf":{"@id":"https:\/\/maliartysci.schoolpage.pl\/#website"},"datePublished":"2019-10-08T20:00:25+00:00","dateModified":"2025-10-02T16:58:38+00:00","breadcrumb":{"@id":"https:\/\/maliartysci.schoolpage.pl\/index.php\/rodzice\/odplatnosc-za-przedszkole\/#breadcrumb"},"inLanguage":"pl-PL","potentialAction":[{"@type":"ReadAction","target":["https:\/\/maliartysci.schoolpage.pl\/index.php\/rodzice\/odplatnosc-za-przedszkole\/"]}]},{"@type":"BreadcrumbList","@id":"https:\/\/maliartysci.schoolpage.pl\/index.php\/rodzice\/odplatnosc-za-przedszkole\/#breadcrumb","itemListElement":[{"@type":"ListItem","position":1,"name":"Strona g\u0142\u00f3wna","item":"https:\/\/maliartysci.schoolpage.pl\/"},{"@type":"ListItem","position":2,"name":"Rodzice","item":"https:\/\/maliartysci.schoolpage.pl\/index.php\/rodzice\/"},{"@type":"ListItem","position":3,"name":"Odp\u0142atno\u015b\u0107 za przedszkole"}]},{"@type":"WebSite","@id":"https:\/\/maliartysci.schoolpage.pl\/#website","url":"https:\/\/maliartysci.schoolpage.pl\/","name":"Mali Arty\u015bci","description":"Niepubliczne Przedszkole","publisher":{"@id":"https:\/\/maliartysci.schoolpage.pl\/#organization"},"potentialAction":[{"@type":"SearchAction","target":{"@type":"EntryPoint","urlTemplate":"https:\/\/maliartysci.schoolpage.pl\/?s={search_term_string}"},"query-input":{"@type":"PropertyValueSpecification","valueRequired":true,"valueName":"search_term_string"}}],"inLanguage":"pl-PL"},{"@type":"Organization","@id":"https:\/\/maliartysci.schoolpage.pl\/#organization","name":"Mali Arty\u015bci","url":"https:\/\/maliartysci.schoolpage.pl\/","logo":{"@type":"ImageObject","inLanguage":"pl-PL","@id":"https:\/\/maliartysci.schoolpage.pl\/#\/schema\/logo\/image\/","url":"https:\/\/maliartysci.schoolpage.pl\/wp-content\/uploads\/2019\/10\/cropped-logo-ma\u0142e72.jpg","contentUrl":"https:\/\/maliartysci.schoolpage.pl\/wp-content\/uploads\/2019\/10\/cropped-logo-ma\u0142e72.jpg","width":90,"height":90,"caption":"Mali Arty\u015bci"},"image":{"@id":"https:\/\/maliartysci.schoolpage.pl\/#\/schema\/logo\/image\/"}}]}},"_links":{"self":[{"href":"https:\/\/maliartysci.schoolpage.pl\/index.php\/wp-json\/wp\/v2\/pages\/90","targetHints":{"allow":["GET"]}}],"collection":[{"href":"https:\/\/maliartysci.schoolpage.pl\/index.php\/wp-json\/wp\/v2\/pages"}],"about":[{"href":"https:\/\/maliartysci.schoolpage.pl\/index.php\/wp-json\/wp\/v2\/types\/page"}],"author":[{"embeddable":true,"href":"https:\/\/maliartysci.schoolpage.pl\/index.php\/wp-json\/wp\/v2\/users\/1"}],"replies":[{"embeddable":true,"href":"https:\/\/maliartysci.schoolpage.pl\/index.php\/wp-json\/wp\/v2\/comments?post=90"}],"version-history":[{"count":17,"href":"https:\/\/maliartysci.schoolpage.pl\/index.php\/wp-json\/wp\/v2\/pages\/90\/revisions"}],"predecessor-version":[{"id":1554,"href":"https:\/\/maliartysci.schoolpage.pl\/index.php\/wp-json\/wp\/v2\/pages\/90\/revisions\/1554"}],"up":[{"embeddable":true,"href":"https:\/\/maliartysci.schoolpage.pl\/index.php\/wp-json\/wp\/v2\/pages\/82"}],"wp:attachment":[{"href":"https:\/\/maliartysci.schoolpage.pl\/index.php\/wp-json\/wp\/v2\/media?parent=90"}],"curies":[{"name":"wp","href":"https:\/\/api.w.org\/{rel}","templated":true}]}}