{"id":88,"date":"2019-10-08T21:59:49","date_gmt":"2019-10-08T19:59:49","guid":{"rendered":"http:\/\/foto-slub.home.pl\/autoinstalator\/wordpressplugins18\/?page_id=88"},"modified":"2025-10-02T18:56:45","modified_gmt":"2025-10-02T16:56:45","slug":"wyzywienie","status":"publish","type":"page","link":"https:\/\/maliartysci.schoolpage.pl\/index.php\/rodzice\/wyzywienie\/","title":{"rendered":"Wy\u017cywienie"},"content":{"rendered":"\n<p class=\"has-vivid-cyan-blue-color has-text-color\"><strong>1.Ca\u0142odzienna stawka \u017cywieniowa (\u015bniadanie, obiad oraz podwieczorek)-24,00 z\u0142.<\/strong><\/p>\n\n\n\n<p class=\"has-vivid-cyan-blue-color has-text-color\"><strong>2.Obiad + podwieczorek -21 z\u0142.<\/strong><\/p>\n\n\n\n<p class=\"has-vivid-green-cyan-color has-text-color\">\u017bywienie dziecka w wieku przedszkolnym to jeden z najwa\u017cniejszych czynnik\u00f3w gwarantuj\u0105cych prawid\u0142owy rozw\u00f3j psycho- fizyczny i umys\u0142owy dzieci.<\/p>\n\n\n\n<p class=\"has-vivid-green-cyan-color has-text-color\">Ka\u017cdego dnia nasze dzieciaczki b\u0119d\u0105 spo\u017cywa\u0107&nbsp; 3 posi\u0142ki.<\/p>\n\n\n\n<p><mark style=\"background-color:rgba(0, 0, 0, 0)\" class=\"has-inline-color has-vivid-green-cyan-color\">Codziennie w ramach podw<\/mark>i<mark style=\"background-color:rgba(0, 0, 0, 0)\" class=\"has-inline-color has-vivid-green-cyan-color\">eczorku dziecko spo\u017cywa \u015bwie\u017cy owoc<\/mark>.<\/p>\n\n\n\n<p class=\"has-vivid-green-cyan-color has-text-color\">Posi\u0142ki stanowi\u0105 3\/4 dziennego zapotrzebowania na bia\u0142ko, witaminy, w\u0119glowodany i t\u0142uszcze.<\/p>\n\n\n\n<p class=\"has-vivid-green-cyan-color has-text-color\"> S\u0105 zgodne z normami Instytutu \u017bywno\u015bci i \u017bywienia.<\/p>\n\n\n\n<p class=\"has-vivid-green-cyan-color has-text-color\">Dbamy o estetyk\u0119 podawania posi\u0142k\u00f3w oraz o kolorowe i zach\u0119caj\u0105ce aran\u017cacje potraw.<\/p>\n\n\n\n<p class=\"has-vivid-cyan-blue-color has-text-color\"><strong>Posi\u0142ki przygotowywa\u0107 b\u0119dzie firma cateringowa &#8222;Zielony Talerzyk&#8221;. Uwzgl\u0119dniane s\u0105 diety niskobia\u0142kowe, wegetaria\u0144skie, bezjajeczne.<\/strong><\/p>\n\n\n\n<p class=\"has-vivid-green-cyan-color has-text-color\">Cz\u0119sto do przedszkola trafiaj\u0105 niejadki lub takie dzieci , kt\u00f3re poznaj\u0105 smak niekt\u00f3rych potraw dopiero w przedszkolu.<\/p>\n\n\n\n<p class=\"has-vivid-green-cyan-color has-text-color\">Tym dzieciom pomagamy: &nbsp;Nie zmuszamy, &nbsp;Zach\u0119camy do pr\u00f3bowania, &nbsp;Dajemy dziecku czas na spokojne spo\u017cycie potraw. Pomocna jest przy degustacji \u201enowo\u015bci\u201d&nbsp;obserwacja innych dzieci.<\/p>\n","protected":false},"excerpt":{"rendered":"<p>1.Ca\u0142odzienna stawka \u017cywieniowa (\u015bniadanie, obiad oraz podwieczorek)-24,00 z\u0142. 2.Obiad + podwieczorek -21 z\u0142. \u017bywienie dziecka w wieku przedszkolnym to jeden z najwa\u017cniejszych czynnik\u00f3w gwarantuj\u0105cych prawid\u0142owy rozw\u00f3j psycho- fizyczny i umys\u0142owy dzieci. Ka\u017cdego dnia nasze dzieciaczki b\u0119d\u0105 spo\u017cywa\u0107&nbsp; 3 posi\u0142ki. Codziennie<\/p>\n","protected":false},"author":1,"featured_media":0,"parent":82,"menu_order":0,"comment_status":"closed","ping_status":"closed","template":"","meta":{"footnotes":""},"class_list":["post-88","page","type-page","status-publish","hentry"],"yoast_head":"<!-- This site is optimized with the Yoast SEO plugin v27.3 - https:\/\/yoast.com\/product\/yoast-seo-wordpress\/ -->\n<title>Wy\u017cywienie - Mali Arty\u015bci<\/title>\n<meta name=\"robots\" content=\"index, follow, max-snippet:-1, max-image-preview:large, max-video-preview:-1\" \/>\n<link rel=\"canonical\" href=\"https:\/\/maliartysci.schoolpage.pl\/index.php\/rodzice\/wyzywienie\/\" \/>\n<meta property=\"og:locale\" content=\"pl_PL\" \/>\n<meta property=\"og:type\" content=\"article\" \/>\n<meta property=\"og:title\" content=\"Wy\u017cywienie - Mali Arty\u015bci\" \/>\n<meta property=\"og:description\" content=\"1.Ca\u0142odzienna stawka \u017cywieniowa (\u015bniadanie, obiad oraz podwieczorek)-24,00 z\u0142. 2.Obiad + podwieczorek -21 z\u0142. \u017bywienie dziecka w wieku przedszkolnym to jeden z najwa\u017cniejszych czynnik\u00f3w gwarantuj\u0105cych prawid\u0142owy rozw\u00f3j psycho- fizyczny i umys\u0142owy dzieci. Ka\u017cdego dnia nasze dzieciaczki b\u0119d\u0105 spo\u017cywa\u0107&nbsp; 3 posi\u0142ki. Codziennie\" \/>\n<meta property=\"og:url\" content=\"https:\/\/maliartysci.schoolpage.pl\/index.php\/rodzice\/wyzywienie\/\" \/>\n<meta property=\"og:site_name\" content=\"Mali Arty\u015bci\" \/>\n<meta property=\"article:modified_time\" content=\"2025-10-02T16:56:45+00:00\" \/>\n<meta name=\"twitter:card\" content=\"summary_large_image\" \/>\n<meta name=\"twitter:label1\" content=\"Szacowany czas czytania\" \/>\n\t<meta name=\"twitter:data1\" content=\"1 minuta\" \/>\n<script type=\"application\/ld+json\" class=\"yoast-schema-graph\">{\"@context\":\"https:\\\/\\\/schema.org\",\"@graph\":[{\"@type\":\"WebPage\",\"@id\":\"https:\\\/\\\/maliartysci.schoolpage.pl\\\/index.php\\\/rodzice\\\/wyzywienie\\\/\",\"url\":\"https:\\\/\\\/maliartysci.schoolpage.pl\\\/index.php\\\/rodzice\\\/wyzywienie\\\/\",\"name\":\"Wy\u017cywienie - Mali Arty\u015bci\",\"isPartOf\":{\"@id\":\"https:\\\/\\\/maliartysci.schoolpage.pl\\\/#website\"},\"datePublished\":\"2019-10-08T19:59:49+00:00\",\"dateModified\":\"2025-10-02T16:56:45+00:00\",\"breadcrumb\":{\"@id\":\"https:\\\/\\\/maliartysci.schoolpage.pl\\\/index.php\\\/rodzice\\\/wyzywienie\\\/#breadcrumb\"},\"inLanguage\":\"pl-PL\",\"potentialAction\":[{\"@type\":\"ReadAction\",\"target\":[\"https:\\\/\\\/maliartysci.schoolpage.pl\\\/index.php\\\/rodzice\\\/wyzywienie\\\/\"]}]},{\"@type\":\"BreadcrumbList\",\"@id\":\"https:\\\/\\\/maliartysci.schoolpage.pl\\\/index.php\\\/rodzice\\\/wyzywienie\\\/#breadcrumb\",\"itemListElement\":[{\"@type\":\"ListItem\",\"position\":1,\"name\":\"Strona g\u0142\u00f3wna\",\"item\":\"https:\\\/\\\/maliartysci.schoolpage.pl\\\/\"},{\"@type\":\"ListItem\",\"position\":2,\"name\":\"Rodzice\",\"item\":\"https:\\\/\\\/maliartysci.schoolpage.pl\\\/index.php\\\/rodzice\\\/\"},{\"@type\":\"ListItem\",\"position\":3,\"name\":\"Wy\u017cywienie\"}]},{\"@type\":\"WebSite\",\"@id\":\"https:\\\/\\\/maliartysci.schoolpage.pl\\\/#website\",\"url\":\"https:\\\/\\\/maliartysci.schoolpage.pl\\\/\",\"name\":\"Mali Arty\u015bci\",\"description\":\"Niepubliczne Przedszkole\",\"publisher\":{\"@id\":\"https:\\\/\\\/maliartysci.schoolpage.pl\\\/#organization\"},\"potentialAction\":[{\"@type\":\"SearchAction\",\"target\":{\"@type\":\"EntryPoint\",\"urlTemplate\":\"https:\\\/\\\/maliartysci.schoolpage.pl\\\/?s={search_term_string}\"},\"query-input\":{\"@type\":\"PropertyValueSpecification\",\"valueRequired\":true,\"valueName\":\"search_term_string\"}}],\"inLanguage\":\"pl-PL\"},{\"@type\":\"Organization\",\"@id\":\"https:\\\/\\\/maliartysci.schoolpage.pl\\\/#organization\",\"name\":\"Mali Arty\u015bci\",\"url\":\"https:\\\/\\\/maliartysci.schoolpage.pl\\\/\",\"logo\":{\"@type\":\"ImageObject\",\"inLanguage\":\"pl-PL\",\"@id\":\"https:\\\/\\\/maliartysci.schoolpage.pl\\\/#\\\/schema\\\/logo\\\/image\\\/\",\"url\":\"https:\\\/\\\/maliartysci.schoolpage.pl\\\/wp-content\\\/uploads\\\/2019\\\/10\\\/cropped-logo-ma\u0142e72.jpg\",\"contentUrl\":\"https:\\\/\\\/maliartysci.schoolpage.pl\\\/wp-content\\\/uploads\\\/2019\\\/10\\\/cropped-logo-ma\u0142e72.jpg\",\"width\":90,\"height\":90,\"caption\":\"Mali Arty\u015bci\"},\"image\":{\"@id\":\"https:\\\/\\\/maliartysci.schoolpage.pl\\\/#\\\/schema\\\/logo\\\/image\\\/\"}}]}<\/script>\n<!-- \/ Yoast SEO plugin. -->","yoast_head_json":{"title":"Wy\u017cywienie - Mali Arty\u015bci","robots":{"index":"index","follow":"follow","max-snippet":"max-snippet:-1","max-image-preview":"max-image-preview:large","max-video-preview":"max-video-preview:-1"},"canonical":"https:\/\/maliartysci.schoolpage.pl\/index.php\/rodzice\/wyzywienie\/","og_locale":"pl_PL","og_type":"article","og_title":"Wy\u017cywienie - Mali Arty\u015bci","og_description":"1.Ca\u0142odzienna stawka \u017cywieniowa (\u015bniadanie, obiad oraz podwieczorek)-24,00 z\u0142. 2.Obiad + podwieczorek -21 z\u0142. \u017bywienie dziecka w wieku przedszkolnym to jeden z najwa\u017cniejszych czynnik\u00f3w gwarantuj\u0105cych prawid\u0142owy rozw\u00f3j psycho- fizyczny i umys\u0142owy dzieci. Ka\u017cdego dnia nasze dzieciaczki b\u0119d\u0105 spo\u017cywa\u0107&nbsp; 3 posi\u0142ki. Codziennie","og_url":"https:\/\/maliartysci.schoolpage.pl\/index.php\/rodzice\/wyzywienie\/","og_site_name":"Mali Arty\u015bci","article_modified_time":"2025-10-02T16:56:45+00:00","twitter_card":"summary_large_image","twitter_misc":{"Szacowany czas czytania":"1 minuta"},"schema":{"@context":"https:\/\/schema.org","@graph":[{"@type":"WebPage","@id":"https:\/\/maliartysci.schoolpage.pl\/index.php\/rodzice\/wyzywienie\/","url":"https:\/\/maliartysci.schoolpage.pl\/index.php\/rodzice\/wyzywienie\/","name":"Wy\u017cywienie - Mali Arty\u015bci","isPartOf":{"@id":"https:\/\/maliartysci.schoolpage.pl\/#website"},"datePublished":"2019-10-08T19:59:49+00:00","dateModified":"2025-10-02T16:56:45+00:00","breadcrumb":{"@id":"https:\/\/maliartysci.schoolpage.pl\/index.php\/rodzice\/wyzywienie\/#breadcrumb"},"inLanguage":"pl-PL","potentialAction":[{"@type":"ReadAction","target":["https:\/\/maliartysci.schoolpage.pl\/index.php\/rodzice\/wyzywienie\/"]}]},{"@type":"BreadcrumbList","@id":"https:\/\/maliartysci.schoolpage.pl\/index.php\/rodzice\/wyzywienie\/#breadcrumb","itemListElement":[{"@type":"ListItem","position":1,"name":"Strona g\u0142\u00f3wna","item":"https:\/\/maliartysci.schoolpage.pl\/"},{"@type":"ListItem","position":2,"name":"Rodzice","item":"https:\/\/maliartysci.schoolpage.pl\/index.php\/rodzice\/"},{"@type":"ListItem","position":3,"name":"Wy\u017cywienie"}]},{"@type":"WebSite","@id":"https:\/\/maliartysci.schoolpage.pl\/#website","url":"https:\/\/maliartysci.schoolpage.pl\/","name":"Mali Arty\u015bci","description":"Niepubliczne Przedszkole","publisher":{"@id":"https:\/\/maliartysci.schoolpage.pl\/#organization"},"potentialAction":[{"@type":"SearchAction","target":{"@type":"EntryPoint","urlTemplate":"https:\/\/maliartysci.schoolpage.pl\/?s={search_term_string}"},"query-input":{"@type":"PropertyValueSpecification","valueRequired":true,"valueName":"search_term_string"}}],"inLanguage":"pl-PL"},{"@type":"Organization","@id":"https:\/\/maliartysci.schoolpage.pl\/#organization","name":"Mali Arty\u015bci","url":"https:\/\/maliartysci.schoolpage.pl\/","logo":{"@type":"ImageObject","inLanguage":"pl-PL","@id":"https:\/\/maliartysci.schoolpage.pl\/#\/schema\/logo\/image\/","url":"https:\/\/maliartysci.schoolpage.pl\/wp-content\/uploads\/2019\/10\/cropped-logo-ma\u0142e72.jpg","contentUrl":"https:\/\/maliartysci.schoolpage.pl\/wp-content\/uploads\/2019\/10\/cropped-logo-ma\u0142e72.jpg","width":90,"height":90,"caption":"Mali Arty\u015bci"},"image":{"@id":"https:\/\/maliartysci.schoolpage.pl\/#\/schema\/logo\/image\/"}}]}},"_links":{"self":[{"href":"https:\/\/maliartysci.schoolpage.pl\/index.php\/wp-json\/wp\/v2\/pages\/88","targetHints":{"allow":["GET"]}}],"collection":[{"href":"https:\/\/maliartysci.schoolpage.pl\/index.php\/wp-json\/wp\/v2\/pages"}],"about":[{"href":"https:\/\/maliartysci.schoolpage.pl\/index.php\/wp-json\/wp\/v2\/types\/page"}],"author":[{"embeddable":true,"href":"https:\/\/maliartysci.schoolpage.pl\/index.php\/wp-json\/wp\/v2\/users\/1"}],"replies":[{"embeddable":true,"href":"https:\/\/maliartysci.schoolpage.pl\/index.php\/wp-json\/wp\/v2\/comments?post=88"}],"version-history":[{"count":9,"href":"https:\/\/maliartysci.schoolpage.pl\/index.php\/wp-json\/wp\/v2\/pages\/88\/revisions"}],"predecessor-version":[{"id":1552,"href":"https:\/\/maliartysci.schoolpage.pl\/index.php\/wp-json\/wp\/v2\/pages\/88\/revisions\/1552"}],"up":[{"embeddable":true,"href":"https:\/\/maliartysci.schoolpage.pl\/index.php\/wp-json\/wp\/v2\/pages\/82"}],"wp:attachment":[{"href":"https:\/\/maliartysci.schoolpage.pl\/index.php\/wp-json\/wp\/v2\/media?parent=88"}],"curies":[{"name":"wp","href":"https:\/\/api.w.org\/{rel}","templated":true}]}}