{"id":80,"date":"2019-10-08T21:57:54","date_gmt":"2019-10-08T19:57:54","guid":{"rendered":"http:\/\/foto-slub.home.pl\/autoinstalator\/wordpressplugins18\/?page_id=80"},"modified":"2025-10-02T18:48:11","modified_gmt":"2025-10-02T16:48:11","slug":"program-uroczystosci","status":"publish","type":"page","link":"https:\/\/maliartysci.schoolpage.pl\/index.php\/program-i-metody-pracy\/program-uroczystosci\/","title":{"rendered":"Program uroczysto\u015bci"},"content":{"rendered":"\n<figure class=\"wp-block-table\"><table class=\"has-background\" style=\"background-color:#fcf0ef\"><tbody><tr><td><\/td><td>&nbsp;<\/td><td class=\"has-text-align-center\" data-align=\"center\"><strong><mark style=\"background-color:rgba(0, 0, 0, 0)\" class=\"has-inline-color has-luminous-vivid-orange-color\">PLAN UROCZYSTO\u015aCI ROK SZKOLNY 2025\/2026 NIEPUBLICZNE PRZEDSZKOLE <\/mark><\/strong><br><strong><mark style=\"background-color:rgba(0, 0, 0, 0)\" class=\"has-inline-color has-luminous-vivid-orange-color\">\u201eMALI ARTY\u015aCI\u201d<\/mark><\/strong><\/td><td>&nbsp;<\/td><\/tr><tr><td>L.p.<\/td><td><span class=\"has-inline-color has-vivid-red-color\"><strong>Nazwa uroczysto\u015bci<\/strong><\/span><\/td><td class=\"has-text-align-center\" data-align=\"center\">&nbsp;&nbsp;&nbsp; &nbsp; &nbsp; &nbsp; &nbsp; &nbsp; &nbsp; &nbsp; &nbsp; &nbsp; &nbsp; <span class=\"has-inline-color has-vivid-red-color\">&nbsp;<strong> Termin<\/strong><\/span><br> <\/td><td>&nbsp;<\/td><\/tr><tr><td>&nbsp; 1.<\/td><td><span style=\"background-color:rgba(0, 0, 0, 0)\" class=\"has-inline-color has-luminous-vivid-orange-color\">Dzie\u0144 kropki, Dzie\u0144 przedszkolaka<br>Dzie\u0144 marchewki<\/span><span style=\"background-color:rgba(0, 0, 0, 0)\" class=\"has-inline-color has-vivid-purple-color\"><br> <\/span><\/td><td class=\"has-text-align-center\" data-align=\"center\">IX 2025r<br> X 2025r<br><\/td><td>&nbsp;<\/td><\/tr><tr><td>&nbsp;2.<\/td><td><span class=\"has-inline-color has-vivid-purple-color\">Pasowanie na Przedszkolaka<\/span><br> <\/td><td class=\"has-text-align-center\" data-align=\"center\">\u00a0\u00a0\u00a0\u00a0\u00a0\u00a0\u00a0\u00a0\u00a0\u00a0\u00a0\u00a0\u00a0\u00a0\u00a0\u00a0\u00a0\u00a0\u00a0\u00a0\u00a0 X\/XI 2025r<br><\/td><td>&nbsp;<\/td><\/tr><tr><td>&nbsp; 3.<\/td><td><span style=\"background-color:rgba(0, 0, 0, 0)\" class=\"has-inline-color has-luminous-vivid-orange-color\">Dzie\u0144 Dyni i Halloween<\/span><br> <\/td><td class=\"has-text-align-center\" data-align=\"center\">\u00a0\u00a0\u00a0\u00a0\u00a0\u00a0\u00a0\u00a0\u00a0\u00a0\u00a0\u00a0\u00a0\u00a0\u00a0\u00a0\u00a0\u00a0\u00a0\u00a0\u00a0\u00a0\u00a0\u00a0\u00a0 X\/XI 2025r<br><\/td><td>&nbsp;<\/td><\/tr><tr><td>&nbsp; 4.<\/td><td><span class=\"has-inline-color has-vivid-red-color\">Dzie\u0144 Pluszowego Misia<\/span><br>\u015awi\u0119to Niepodleg\u0142o\u015bci<br><\/td><td class=\"has-text-align-center\" data-align=\"center\">\u00a0\u00a0\u00a0\u00a0\u00a0\u00a0\u00a0\u00a0\u00a0\u00a0\u00a0\u00a0\u00a0\u00a0\u00a0\u00a0\u00a0\u00a0\u00a0\u00a0\u00a0\u00a0\u00a0\u00a0\u00a0 XI 2025r<br><\/td><td>&nbsp;<\/td><\/tr><tr><td>&nbsp; 5.<\/td><td> <mark style=\"background-color:rgba(0, 0, 0, 0)\" class=\"has-inline-color has-luminous-vivid-amber-color\">Andrzejki &#8211; Katarzynki<\/mark><br> <\/td><td class=\"has-text-align-center\" data-align=\"center\">\u00a0\u00a0\u00a0\u00a0\u00a0\u00a0\u00a0\u00a0\u00a0\u00a0\u00a0\u00a0\u00a0\u00a0\u00a0\u00a0\u00a0\u00a0\u00a0\u00a0\u00a0\u00a0\u00a0\u00a0\u00a0 XI 2025r<br><\/td><td>&nbsp;<\/td><\/tr><tr><td>&nbsp; 6.<\/td><td>&nbsp;<span class=\"has-inline-color has-vivid-green-cyan-color\">Miko\u0142aj<\/span><br> <\/td><td class=\"has-text-align-center\" data-align=\"center\">\u00a0\u00a0\u00a0\u00a0\u00a0\u00a0\u00a0\u00a0\u00a0\u00a0\u00a0\u00a0\u00a0\u00a0\u00a0\u00a0\u00a0\u00a0\u00a0\u00a0\u00a0\u00a0\u00a0\u00a0\u00a0 XII 2025r<br><\/td><td>&nbsp;<\/td><\/tr><tr><td>&nbsp; 7.<\/td><td><span class=\"has-inline-color has-vivid-purple-color\">Obiad Wigilijny<\/span><br> <\/td><td class=\"has-text-align-center\" data-align=\"center\">\u00a0 \u00a0 \u00a0 \u00a0 \u00a0 \u00a0 \u00a0 \u00a0 \u00a0 \u00a0 \u00a0 \u00a0 \u00a0 XII 2025r<br><\/td><td>&nbsp;<\/td><\/tr><tr><td>&nbsp;8<\/td><td>&nbsp;<span class=\"has-inline-color has-vivid-green-cyan-color\">Dzie\u0144 Babci i Dziadka<\/span><br> <\/td><td class=\"has-text-align-center\" data-align=\"center\">\u00a0\u00a0\u00a0\u00a0\u00a0\u00a0\u00a0\u00a0\u00a0\u00a0\u00a0\u00a0\u00a0\u00a0\u00a0\u00a0\u00a0\u00a0\u00a0\u00a0\u00a0 \u00a0 \u00a0 I 2026r<br><\/td><td>&nbsp;<\/td><\/tr><tr><td>&nbsp;9<\/td><td><span class=\"has-inline-color has-luminous-vivid-amber-color\">&nbsp;Bal karnawa\u0142owy<\/span><br> <\/td><td class=\"has-text-align-center\" data-align=\"center\">\u00a0\u00a0\u00a0\u00a0\u00a0\u00a0\u00a0\u00a0\u00a0\u00a0\u00a0\u00a0\u00a0\u00a0\u00a0\u00a0\u00a0\u00a0\u00a0\u00a0\u00a0 \u00a0 \u00a0 I\/II 2026r<br><\/td><td>&nbsp;<\/td><\/tr><tr><td>&nbsp;10<\/td><td>&nbsp;<span class=\"has-inline-color has-vivid-red-color\">Dzie\u0144 przyja\u017ani<\/span><br> <\/td><td class=\"has-text-align-center\" data-align=\"center\">\u00a0\u00a0\u00a0\u00a0\u00a0\u00a0\u00a0\u00a0\u00a0\u00a0\u00a0\u00a0\u00a0\u00a0\u00a0\u00a0\u00a0\u00a0\u00a0\u00a0\u00a0 14 II 2026r<br><\/td><td>&nbsp;<\/td><\/tr><tr><td>&nbsp;11<\/td><td>&nbsp;<span class=\"has-inline-color has-vivid-green-cyan-color\">Powitanie wiosny<\/span><\/td><td class=\"has-text-align-center\" data-align=\"center\">\u00a0\u00a0\u00a0\u00a0\u00a0\u00a0\u00a0\u00a0\u00a0\u00a0\u00a0\u00a0\u00a0\u00a0\u00a0\u00a0\u00a0\u00a0\u00a0\u00a0\u00a0 23 III 2026r<\/td><\/tr><tr><td>&nbsp;12<\/td><td>&nbsp;<span class=\"has-inline-color has-vivid-cyan-blue-color\">Dzie\u0144 Wody -zaj\u0119cia<\/span><\/td><td class=\"has-text-align-center\" data-align=\"center\">\u00a0 \u00a0 \u00a0 \u00a0 \u00a0 \u00a0 \u00a0 \u00a0 \u00a0 \u00a0 \u00a0 23 III 2026r<\/td><\/tr><tr><td>&nbsp;13<\/td><td><span class=\"has-inline-color has-vivid-green-cyan-color\">&nbsp;Dzie\u0144 Ziemi -zaj\u0119cia<\/span><\/td><td class=\"has-text-align-center\" data-align=\"center\">\u00a0 \u00a0 \u00a0 \u00a0 \u00a0 \u00a0 \u00a0 \u00a0 \u00a0 \u00a0 \u00a0 22 IV 2026r<\/td><\/tr><tr><td>&nbsp;14<\/td><td>&nbsp;<span class=\"has-inline-color has-vivid-purple-color\">Dzie\u0144&nbsp; Rodziny <\/span><\/td><td class=\"has-text-align-center\" data-align=\"center\">\u00a0 \u00a0 \u00a0 \u00a0 \u00a0 \u00a0 \u00a0 \u00a0 \u00a0 \u00a0 \u00a0 \u00a0 \u00a0\u00a0 V 2026r<\/td><\/tr><tr><td>&nbsp;15<\/td><td><span class=\"has-inline-color has-luminous-vivid-amber-color\">&nbsp;Po\u017cegnanie starszak\u00f3w<\/span><br> <\/td><td class=\"has-text-align-center\" data-align=\"center\">\u00a0 \u00a0 \u00a0 \u00a0 \u00a0 \u00a0 \u00a0 \u00a0 \u00a0 \u00a0 \u00a0 \u00a0 \u00a0\u00a0 VI 2026r<br><\/td><td>&nbsp;<\/td><\/tr><\/tbody><\/table><\/figure>\n","protected":false},"excerpt":{"rendered":"<p>&nbsp; PLAN UROCZYSTO\u015aCI ROK SZKOLNY 2025\/2026 NIEPUBLICZNE PRZEDSZKOLE \u201eMALI ARTY\u015aCI\u201d &nbsp; L.p. Nazwa uroczysto\u015bci &nbsp;&nbsp;&nbsp; &nbsp; &nbsp; &nbsp; &nbsp; &nbsp; &nbsp; &nbsp; &nbsp; &nbsp; &nbsp; &nbsp; Termin &nbsp; &nbsp; 1. Dzie\u0144 kropki, Dzie\u0144 przedszkolakaDzie\u0144 marchewki IX 2025r X 2025r &nbsp;<\/p>\n","protected":false},"author":1,"featured_media":0,"parent":76,"menu_order":0,"comment_status":"closed","ping_status":"closed","template":"","meta":{"footnotes":""},"class_list":["post-80","page","type-page","status-publish","hentry"],"yoast_head":"<!-- This site is optimized with the Yoast SEO plugin v27.4 - https:\/\/yoast.com\/product\/yoast-seo-wordpress\/ -->\n<title>Program uroczysto\u015bci - Mali Arty\u015bci<\/title>\n<meta name=\"robots\" content=\"index, follow, max-snippet:-1, max-image-preview:large, max-video-preview:-1\" \/>\n<link rel=\"canonical\" href=\"https:\/\/maliartysci.schoolpage.pl\/index.php\/program-i-metody-pracy\/program-uroczystosci\/\" \/>\n<meta property=\"og:locale\" content=\"pl_PL\" \/>\n<meta property=\"og:type\" content=\"article\" \/>\n<meta property=\"og:title\" content=\"Program uroczysto\u015bci - Mali Arty\u015bci\" \/>\n<meta property=\"og:description\" content=\"&nbsp; PLAN UROCZYSTO\u015aCI ROK SZKOLNY 2025\/2026 NIEPUBLICZNE PRZEDSZKOLE \u201eMALI ARTY\u015aCI\u201d &nbsp; L.p. Nazwa uroczysto\u015bci &nbsp;&nbsp;&nbsp; &nbsp; &nbsp; &nbsp; &nbsp; &nbsp; &nbsp; &nbsp; &nbsp; &nbsp; &nbsp; &nbsp; Termin &nbsp; &nbsp; 1. Dzie\u0144 kropki, Dzie\u0144 przedszkolakaDzie\u0144 marchewki IX 2025r X 2025r &nbsp;\" \/>\n<meta property=\"og:url\" content=\"https:\/\/maliartysci.schoolpage.pl\/index.php\/program-i-metody-pracy\/program-uroczystosci\/\" \/>\n<meta property=\"og:site_name\" content=\"Mali Arty\u015bci\" \/>\n<meta property=\"article:modified_time\" content=\"2025-10-02T16:48:11+00:00\" \/>\n<meta name=\"twitter:card\" content=\"summary_large_image\" \/>\n<meta name=\"twitter:label1\" content=\"Szacowany czas czytania\" \/>\n\t<meta name=\"twitter:data1\" content=\"1 minuta\" \/>\n<script type=\"application\/ld+json\" class=\"yoast-schema-graph\">{\"@context\":\"https:\\\/\\\/schema.org\",\"@graph\":[{\"@type\":\"WebPage\",\"@id\":\"https:\\\/\\\/maliartysci.schoolpage.pl\\\/index.php\\\/program-i-metody-pracy\\\/program-uroczystosci\\\/\",\"url\":\"https:\\\/\\\/maliartysci.schoolpage.pl\\\/index.php\\\/program-i-metody-pracy\\\/program-uroczystosci\\\/\",\"name\":\"Program uroczysto\u015bci - Mali Arty\u015bci\",\"isPartOf\":{\"@id\":\"https:\\\/\\\/maliartysci.schoolpage.pl\\\/#website\"},\"datePublished\":\"2019-10-08T19:57:54+00:00\",\"dateModified\":\"2025-10-02T16:48:11+00:00\",\"breadcrumb\":{\"@id\":\"https:\\\/\\\/maliartysci.schoolpage.pl\\\/index.php\\\/program-i-metody-pracy\\\/program-uroczystosci\\\/#breadcrumb\"},\"inLanguage\":\"pl-PL\",\"potentialAction\":[{\"@type\":\"ReadAction\",\"target\":[\"https:\\\/\\\/maliartysci.schoolpage.pl\\\/index.php\\\/program-i-metody-pracy\\\/program-uroczystosci\\\/\"]}]},{\"@type\":\"BreadcrumbList\",\"@id\":\"https:\\\/\\\/maliartysci.schoolpage.pl\\\/index.php\\\/program-i-metody-pracy\\\/program-uroczystosci\\\/#breadcrumb\",\"itemListElement\":[{\"@type\":\"ListItem\",\"position\":1,\"name\":\"Strona g\u0142\u00f3wna\",\"item\":\"https:\\\/\\\/maliartysci.schoolpage.pl\\\/\"},{\"@type\":\"ListItem\",\"position\":2,\"name\":\"Program i metody pracy\",\"item\":\"https:\\\/\\\/maliartysci.schoolpage.pl\\\/index.php\\\/program-i-metody-pracy\\\/\"},{\"@type\":\"ListItem\",\"position\":3,\"name\":\"Program uroczysto\u015bci\"}]},{\"@type\":\"WebSite\",\"@id\":\"https:\\\/\\\/maliartysci.schoolpage.pl\\\/#website\",\"url\":\"https:\\\/\\\/maliartysci.schoolpage.pl\\\/\",\"name\":\"Mali Arty\u015bci\",\"description\":\"Niepubliczne Przedszkole\",\"publisher\":{\"@id\":\"https:\\\/\\\/maliartysci.schoolpage.pl\\\/#organization\"},\"potentialAction\":[{\"@type\":\"SearchAction\",\"target\":{\"@type\":\"EntryPoint\",\"urlTemplate\":\"https:\\\/\\\/maliartysci.schoolpage.pl\\\/?s={search_term_string}\"},\"query-input\":{\"@type\":\"PropertyValueSpecification\",\"valueRequired\":true,\"valueName\":\"search_term_string\"}}],\"inLanguage\":\"pl-PL\"},{\"@type\":\"Organization\",\"@id\":\"https:\\\/\\\/maliartysci.schoolpage.pl\\\/#organization\",\"name\":\"Mali Arty\u015bci\",\"url\":\"https:\\\/\\\/maliartysci.schoolpage.pl\\\/\",\"logo\":{\"@type\":\"ImageObject\",\"inLanguage\":\"pl-PL\",\"@id\":\"https:\\\/\\\/maliartysci.schoolpage.pl\\\/#\\\/schema\\\/logo\\\/image\\\/\",\"url\":\"https:\\\/\\\/maliartysci.schoolpage.pl\\\/wp-content\\\/uploads\\\/2019\\\/10\\\/cropped-logo-ma\u0142e72.jpg\",\"contentUrl\":\"https:\\\/\\\/maliartysci.schoolpage.pl\\\/wp-content\\\/uploads\\\/2019\\\/10\\\/cropped-logo-ma\u0142e72.jpg\",\"width\":90,\"height\":90,\"caption\":\"Mali Arty\u015bci\"},\"image\":{\"@id\":\"https:\\\/\\\/maliartysci.schoolpage.pl\\\/#\\\/schema\\\/logo\\\/image\\\/\"}}]}<\/script>\n<!-- \/ Yoast SEO plugin. -->","yoast_head_json":{"title":"Program uroczysto\u015bci - Mali Arty\u015bci","robots":{"index":"index","follow":"follow","max-snippet":"max-snippet:-1","max-image-preview":"max-image-preview:large","max-video-preview":"max-video-preview:-1"},"canonical":"https:\/\/maliartysci.schoolpage.pl\/index.php\/program-i-metody-pracy\/program-uroczystosci\/","og_locale":"pl_PL","og_type":"article","og_title":"Program uroczysto\u015bci - Mali Arty\u015bci","og_description":"&nbsp; PLAN UROCZYSTO\u015aCI ROK SZKOLNY 2025\/2026 NIEPUBLICZNE PRZEDSZKOLE \u201eMALI ARTY\u015aCI\u201d &nbsp; L.p. Nazwa uroczysto\u015bci &nbsp;&nbsp;&nbsp; &nbsp; &nbsp; &nbsp; &nbsp; &nbsp; &nbsp; &nbsp; &nbsp; &nbsp; &nbsp; &nbsp; Termin &nbsp; &nbsp; 1. Dzie\u0144 kropki, Dzie\u0144 przedszkolakaDzie\u0144 marchewki IX 2025r X 2025r &nbsp;","og_url":"https:\/\/maliartysci.schoolpage.pl\/index.php\/program-i-metody-pracy\/program-uroczystosci\/","og_site_name":"Mali Arty\u015bci","article_modified_time":"2025-10-02T16:48:11+00:00","twitter_card":"summary_large_image","twitter_misc":{"Szacowany czas czytania":"1 minuta"},"schema":{"@context":"https:\/\/schema.org","@graph":[{"@type":"WebPage","@id":"https:\/\/maliartysci.schoolpage.pl\/index.php\/program-i-metody-pracy\/program-uroczystosci\/","url":"https:\/\/maliartysci.schoolpage.pl\/index.php\/program-i-metody-pracy\/program-uroczystosci\/","name":"Program uroczysto\u015bci - Mali Arty\u015bci","isPartOf":{"@id":"https:\/\/maliartysci.schoolpage.pl\/#website"},"datePublished":"2019-10-08T19:57:54+00:00","dateModified":"2025-10-02T16:48:11+00:00","breadcrumb":{"@id":"https:\/\/maliartysci.schoolpage.pl\/index.php\/program-i-metody-pracy\/program-uroczystosci\/#breadcrumb"},"inLanguage":"pl-PL","potentialAction":[{"@type":"ReadAction","target":["https:\/\/maliartysci.schoolpage.pl\/index.php\/program-i-metody-pracy\/program-uroczystosci\/"]}]},{"@type":"BreadcrumbList","@id":"https:\/\/maliartysci.schoolpage.pl\/index.php\/program-i-metody-pracy\/program-uroczystosci\/#breadcrumb","itemListElement":[{"@type":"ListItem","position":1,"name":"Strona g\u0142\u00f3wna","item":"https:\/\/maliartysci.schoolpage.pl\/"},{"@type":"ListItem","position":2,"name":"Program i metody pracy","item":"https:\/\/maliartysci.schoolpage.pl\/index.php\/program-i-metody-pracy\/"},{"@type":"ListItem","position":3,"name":"Program uroczysto\u015bci"}]},{"@type":"WebSite","@id":"https:\/\/maliartysci.schoolpage.pl\/#website","url":"https:\/\/maliartysci.schoolpage.pl\/","name":"Mali Arty\u015bci","description":"Niepubliczne Przedszkole","publisher":{"@id":"https:\/\/maliartysci.schoolpage.pl\/#organization"},"potentialAction":[{"@type":"SearchAction","target":{"@type":"EntryPoint","urlTemplate":"https:\/\/maliartysci.schoolpage.pl\/?s={search_term_string}"},"query-input":{"@type":"PropertyValueSpecification","valueRequired":true,"valueName":"search_term_string"}}],"inLanguage":"pl-PL"},{"@type":"Organization","@id":"https:\/\/maliartysci.schoolpage.pl\/#organization","name":"Mali Arty\u015bci","url":"https:\/\/maliartysci.schoolpage.pl\/","logo":{"@type":"ImageObject","inLanguage":"pl-PL","@id":"https:\/\/maliartysci.schoolpage.pl\/#\/schema\/logo\/image\/","url":"https:\/\/maliartysci.schoolpage.pl\/wp-content\/uploads\/2019\/10\/cropped-logo-ma\u0142e72.jpg","contentUrl":"https:\/\/maliartysci.schoolpage.pl\/wp-content\/uploads\/2019\/10\/cropped-logo-ma\u0142e72.jpg","width":90,"height":90,"caption":"Mali Arty\u015bci"},"image":{"@id":"https:\/\/maliartysci.schoolpage.pl\/#\/schema\/logo\/image\/"}}]}},"_links":{"self":[{"href":"https:\/\/maliartysci.schoolpage.pl\/index.php\/wp-json\/wp\/v2\/pages\/80","targetHints":{"allow":["GET"]}}],"collection":[{"href":"https:\/\/maliartysci.schoolpage.pl\/index.php\/wp-json\/wp\/v2\/pages"}],"about":[{"href":"https:\/\/maliartysci.schoolpage.pl\/index.php\/wp-json\/wp\/v2\/types\/page"}],"author":[{"embeddable":true,"href":"https:\/\/maliartysci.schoolpage.pl\/index.php\/wp-json\/wp\/v2\/users\/1"}],"replies":[{"embeddable":true,"href":"https:\/\/maliartysci.schoolpage.pl\/index.php\/wp-json\/wp\/v2\/comments?post=80"}],"version-history":[{"count":14,"href":"https:\/\/maliartysci.schoolpage.pl\/index.php\/wp-json\/wp\/v2\/pages\/80\/revisions"}],"predecessor-version":[{"id":1549,"href":"https:\/\/maliartysci.schoolpage.pl\/index.php\/wp-json\/wp\/v2\/pages\/80\/revisions\/1549"}],"up":[{"embeddable":true,"href":"https:\/\/maliartysci.schoolpage.pl\/index.php\/wp-json\/wp\/v2\/pages\/76"}],"wp:attachment":[{"href":"https:\/\/maliartysci.schoolpage.pl\/index.php\/wp-json\/wp\/v2\/media?parent=80"}],"curies":[{"name":"wp","href":"https:\/\/api.w.org\/{rel}","templated":true}]}}