{"id":68,"date":"2019-10-08T21:50:00","date_gmt":"2019-10-08T19:50:00","guid":{"rendered":"http:\/\/foto-slub.home.pl\/autoinstalator\/wordpressplugins18\/?page_id=68"},"modified":"2025-10-02T19:09:55","modified_gmt":"2025-10-02T17:09:55","slug":"nasze-grupy","status":"publish","type":"page","link":"https:\/\/maliartysci.schoolpage.pl\/index.php\/o-nas\/nasze-grupy\/","title":{"rendered":"Nasze Grupy"},"content":{"rendered":"\n<p class=\"has-vivid-red-color has-pale-cyan-blue-background-color has-text-color has-background\"><strong>GRUPA I&nbsp;<\/strong> &nbsp; &nbsp;<strong> \u201eSmerfy&#8221; <\/strong><\/p>\n\n\n\n<p class=\"has-vivid-cyan-blue-color has-text-color\">Z grupa pracuj\u0105:<\/p>\n\n\n\n<p><strong>P. Ania, P. Ewa, P. Aneta<\/strong><\/p>\n\n\n\n<figure class=\"wp-block-image size-full is-resized\"><img loading=\"lazy\" decoding=\"async\" width=\"1024\" height=\"768\" src=\"https:\/\/maliartysci.schoolpage.pl\/wp-content\/uploads\/2025\/10\/smerf.jpg\" alt=\"\" class=\"wp-image-1555\" style=\"width:349px;height:auto\" srcset=\"https:\/\/maliartysci.schoolpage.pl\/wp-content\/uploads\/2025\/10\/smerf.jpg 1024w, https:\/\/maliartysci.schoolpage.pl\/wp-content\/uploads\/2025\/10\/smerf-300x225.jpg 300w, https:\/\/maliartysci.schoolpage.pl\/wp-content\/uploads\/2025\/10\/smerf-768x576.jpg 768w\" sizes=\"auto, (max-width: 1024px) 100vw, 1024px\" \/><\/figure>\n\n\n\n<p class=\"has-luminous-vivid-amber-background-color has-background\"><strong>GRUPA II &#8222;Pszcz\u00f3\u0142ki&#8221; <\/strong><\/p>\n\n\n\n<p class=\"has-vivid-cyan-blue-color has-text-color has-link-color wp-elements-7ece616916df925111902d942ccc02fc\">Z grup\u0105 pracuj\u0105:<\/p>\n\n\n\n<p><strong>P. Svitlana, P. Aneta<\/strong><\/p>\n\n\n\n<figure class=\"wp-block-image size-full is-resized\"><img loading=\"lazy\" decoding=\"async\" width=\"204\" height=\"192\" src=\"https:\/\/maliartysci.schoolpage.pl\/wp-content\/uploads\/2025\/01\/pszczolka.jpg\" alt=\"\" class=\"wp-image-1226\" style=\"width:216px;height:auto\"\/><\/figure>\n\n\n\n<p class=\"has-text-align-left has-black-color has-luminous-vivid-orange-background-color has-text-color has-background has-link-color wp-elements-a037e8271b5f487a08b722b200bddf04\"><strong>GRUPA III &#8222;Tygryski&#8221; <\/strong><\/p>\n\n\n\n<p class=\"has-vivid-cyan-blue-color has-text-color\">Z grup\u0105 pracuj\u0105:<\/p>\n\n\n\n<p><strong>P. Marlena, P.Julia<\/strong><\/p>\n\n\n\n<figure class=\"wp-block-image size-full is-resized\"><img loading=\"lazy\" decoding=\"async\" width=\"515\" height=\"700\" src=\"https:\/\/maliartysci.schoolpage.pl\/wp-content\/uploads\/2023\/10\/fototapety-przyczajony-tygrys-dziecka.jpg.jpg\" alt=\"\" class=\"wp-image-960\" style=\"aspect-ratio:0.7357142857142858;width:217px;height:auto\" srcset=\"https:\/\/maliartysci.schoolpage.pl\/wp-content\/uploads\/2023\/10\/fototapety-przyczajony-tygrys-dziecka.jpg.jpg 515w, https:\/\/maliartysci.schoolpage.pl\/wp-content\/uploads\/2023\/10\/fototapety-przyczajony-tygrys-dziecka.jpg-221x300.jpg 221w\" sizes=\"auto, (max-width: 515px) 100vw, 515px\" \/><\/figure>\n\n\n\n<p class=\"has-black-color has-luminous-vivid-amber-to-luminous-vivid-orange-gradient-background has-text-color has-background has-link-color wp-elements-7691905a3750822d0409187e6f49fbcd\"><strong>&nbsp;GRUPA IV&nbsp;&nbsp;&nbsp;&nbsp; &#8222;Misie&#8221;<\/strong><\/p>\n\n\n\n<p class=\"has-vivid-cyan-blue-color has-text-color\">Z grupa pracuj\u0105:<\/p>\n\n\n\n<p><strong>P. Ula, P. Julia<\/strong><\/p>\n\n\n\n<figure class=\"wp-block-image size-full is-resized\"><img loading=\"lazy\" decoding=\"async\" width=\"332\" height=\"400\" src=\"https:\/\/maliartysci.schoolpage.pl\/wp-content\/uploads\/2023\/06\/teddy-bear.jpg\" alt=\"\" class=\"wp-image-873\" style=\"width:226px;height:272px\" srcset=\"https:\/\/maliartysci.schoolpage.pl\/wp-content\/uploads\/2023\/06\/teddy-bear.jpg 332w, https:\/\/maliartysci.schoolpage.pl\/wp-content\/uploads\/2023\/06\/teddy-bear-249x300.jpg 249w\" sizes=\"auto, (max-width: 332px) 100vw, 332px\" \/><\/figure>\n\n\n\n<p><\/p>\n\n\n\n<p class=\"has-vivid-cyan-blue-color has-text-color\"><\/p>\n\n\n\n<p class=\"has-vivid-cyan-blue-color has-text-color\"><\/p>\n\n\n\n<p>\u2026\u2026\u2026\u2026\u2026\u2026\u2026\u2026\u2026\u2026\u2026\u2026\u2026\u2026\u2026\u2026<\/p>\n\n\n\n<p class=\"has-vivid-cyan-blue-color has-text-color\"><strong>W kuchni smaczne posi\u0142ki wydaje Pani Monika.<\/strong><\/p>\n\n\n\n<p><\/p>\n\n\n\n<p class=\"has-vivid-red-color has-text-color\"><strong>Filmiki, zdj\u0119cia, aktywno\u015bci grupy oraz wydarzenia przedszkolne, mo\u017cna pozna\u0107 poprzez informacje umieszczane w aplikacji mobilnej LiveKids, dost\u0119pnej tylko dla Rodzic\u00f3w naszych Przedszkolak\u00f3w.<\/strong><\/p>\n","protected":false},"excerpt":{"rendered":"<p>GRUPA I&nbsp; &nbsp; &nbsp; \u201eSmerfy&#8221; Z grupa pracuj\u0105: P. Ania, P. Ewa, P. Aneta GRUPA II &#8222;Pszcz\u00f3\u0142ki&#8221; Z grup\u0105 pracuj\u0105: P. Svitlana, P. Aneta GRUPA III &#8222;Tygryski&#8221; Z grup\u0105 pracuj\u0105: P. Marlena, P.Julia &nbsp;GRUPA IV&nbsp;&nbsp;&nbsp;&nbsp; &#8222;Misie&#8221; Z grupa pracuj\u0105: P.<\/p>\n","protected":false},"author":1,"featured_media":0,"parent":16,"menu_order":0,"comment_status":"closed","ping_status":"closed","template":"","meta":{"footnotes":""},"class_list":["post-68","page","type-page","status-publish","hentry"],"yoast_head":"<!-- This site is optimized with the Yoast SEO plugin v27.5 - https:\/\/yoast.com\/product\/yoast-seo-wordpress\/ -->\n<title>Nasze Grupy - Mali Arty\u015bci<\/title>\n<meta name=\"robots\" content=\"index, follow, max-snippet:-1, max-image-preview:large, max-video-preview:-1\" \/>\n<link rel=\"canonical\" href=\"https:\/\/maliartysci.schoolpage.pl\/index.php\/o-nas\/nasze-grupy\/\" \/>\n<meta property=\"og:locale\" content=\"pl_PL\" \/>\n<meta property=\"og:type\" content=\"article\" \/>\n<meta property=\"og:title\" content=\"Nasze Grupy - Mali Arty\u015bci\" \/>\n<meta property=\"og:description\" content=\"GRUPA I&nbsp; &nbsp; &nbsp; \u201eSmerfy&#8221; Z grupa pracuj\u0105: P. Ania, P. Ewa, P. Aneta GRUPA II &#8222;Pszcz\u00f3\u0142ki&#8221; Z grup\u0105 pracuj\u0105: P. Svitlana, P. Aneta GRUPA III &#8222;Tygryski&#8221; Z grup\u0105 pracuj\u0105: P. Marlena, P.Julia &nbsp;GRUPA IV&nbsp;&nbsp;&nbsp;&nbsp; &#8222;Misie&#8221; Z grupa pracuj\u0105: P.\" \/>\n<meta property=\"og:url\" content=\"https:\/\/maliartysci.schoolpage.pl\/index.php\/o-nas\/nasze-grupy\/\" \/>\n<meta property=\"og:site_name\" content=\"Mali Arty\u015bci\" \/>\n<meta property=\"article:modified_time\" content=\"2025-10-02T17:09:55+00:00\" \/>\n<meta property=\"og:image\" content=\"https:\/\/maliartysci.schoolpage.pl\/wp-content\/uploads\/2025\/10\/smerf.jpg\" \/>\n\t<meta property=\"og:image:width\" content=\"1024\" \/>\n\t<meta property=\"og:image:height\" content=\"768\" \/>\n\t<meta property=\"og:image:type\" content=\"image\/jpeg\" \/>\n<meta name=\"twitter:card\" content=\"summary_large_image\" \/>\n<meta name=\"twitter:label1\" content=\"Szacowany czas czytania\" \/>\n\t<meta name=\"twitter:data1\" content=\"2 minuty\" \/>\n<script type=\"application\/ld+json\" class=\"yoast-schema-graph\">{\"@context\":\"https:\\\/\\\/schema.org\",\"@graph\":[{\"@type\":\"WebPage\",\"@id\":\"https:\\\/\\\/maliartysci.schoolpage.pl\\\/index.php\\\/o-nas\\\/nasze-grupy\\\/\",\"url\":\"https:\\\/\\\/maliartysci.schoolpage.pl\\\/index.php\\\/o-nas\\\/nasze-grupy\\\/\",\"name\":\"Nasze Grupy - Mali Arty\u015bci\",\"isPartOf\":{\"@id\":\"https:\\\/\\\/maliartysci.schoolpage.pl\\\/#website\"},\"primaryImageOfPage\":{\"@id\":\"https:\\\/\\\/maliartysci.schoolpage.pl\\\/index.php\\\/o-nas\\\/nasze-grupy\\\/#primaryimage\"},\"image\":{\"@id\":\"https:\\\/\\\/maliartysci.schoolpage.pl\\\/index.php\\\/o-nas\\\/nasze-grupy\\\/#primaryimage\"},\"thumbnailUrl\":\"https:\\\/\\\/maliartysci.schoolpage.pl\\\/wp-content\\\/uploads\\\/2025\\\/10\\\/smerf.jpg\",\"datePublished\":\"2019-10-08T19:50:00+00:00\",\"dateModified\":\"2025-10-02T17:09:55+00:00\",\"breadcrumb\":{\"@id\":\"https:\\\/\\\/maliartysci.schoolpage.pl\\\/index.php\\\/o-nas\\\/nasze-grupy\\\/#breadcrumb\"},\"inLanguage\":\"pl-PL\",\"potentialAction\":[{\"@type\":\"ReadAction\",\"target\":[\"https:\\\/\\\/maliartysci.schoolpage.pl\\\/index.php\\\/o-nas\\\/nasze-grupy\\\/\"]}]},{\"@type\":\"ImageObject\",\"inLanguage\":\"pl-PL\",\"@id\":\"https:\\\/\\\/maliartysci.schoolpage.pl\\\/index.php\\\/o-nas\\\/nasze-grupy\\\/#primaryimage\",\"url\":\"https:\\\/\\\/maliartysci.schoolpage.pl\\\/wp-content\\\/uploads\\\/2025\\\/10\\\/smerf.jpg\",\"contentUrl\":\"https:\\\/\\\/maliartysci.schoolpage.pl\\\/wp-content\\\/uploads\\\/2025\\\/10\\\/smerf.jpg\",\"width\":1024,\"height\":768},{\"@type\":\"BreadcrumbList\",\"@id\":\"https:\\\/\\\/maliartysci.schoolpage.pl\\\/index.php\\\/o-nas\\\/nasze-grupy\\\/#breadcrumb\",\"itemListElement\":[{\"@type\":\"ListItem\",\"position\":1,\"name\":\"Strona g\u0142\u00f3wna\",\"item\":\"https:\\\/\\\/maliartysci.schoolpage.pl\\\/\"},{\"@type\":\"ListItem\",\"position\":2,\"name\":\"O nas\",\"item\":\"https:\\\/\\\/maliartysci.schoolpage.pl\\\/index.php\\\/o-nas\\\/\"},{\"@type\":\"ListItem\",\"position\":3,\"name\":\"Nasze Grupy\"}]},{\"@type\":\"WebSite\",\"@id\":\"https:\\\/\\\/maliartysci.schoolpage.pl\\\/#website\",\"url\":\"https:\\\/\\\/maliartysci.schoolpage.pl\\\/\",\"name\":\"Mali Arty\u015bci\",\"description\":\"Niepubliczne Przedszkole\",\"publisher\":{\"@id\":\"https:\\\/\\\/maliartysci.schoolpage.pl\\\/#organization\"},\"potentialAction\":[{\"@type\":\"SearchAction\",\"target\":{\"@type\":\"EntryPoint\",\"urlTemplate\":\"https:\\\/\\\/maliartysci.schoolpage.pl\\\/?s={search_term_string}\"},\"query-input\":{\"@type\":\"PropertyValueSpecification\",\"valueRequired\":true,\"valueName\":\"search_term_string\"}}],\"inLanguage\":\"pl-PL\"},{\"@type\":\"Organization\",\"@id\":\"https:\\\/\\\/maliartysci.schoolpage.pl\\\/#organization\",\"name\":\"Mali Arty\u015bci\",\"url\":\"https:\\\/\\\/maliartysci.schoolpage.pl\\\/\",\"logo\":{\"@type\":\"ImageObject\",\"inLanguage\":\"pl-PL\",\"@id\":\"https:\\\/\\\/maliartysci.schoolpage.pl\\\/#\\\/schema\\\/logo\\\/image\\\/\",\"url\":\"https:\\\/\\\/maliartysci.schoolpage.pl\\\/wp-content\\\/uploads\\\/2019\\\/10\\\/cropped-logo-ma\u0142e72.jpg\",\"contentUrl\":\"https:\\\/\\\/maliartysci.schoolpage.pl\\\/wp-content\\\/uploads\\\/2019\\\/10\\\/cropped-logo-ma\u0142e72.jpg\",\"width\":90,\"height\":90,\"caption\":\"Mali Arty\u015bci\"},\"image\":{\"@id\":\"https:\\\/\\\/maliartysci.schoolpage.pl\\\/#\\\/schema\\\/logo\\\/image\\\/\"}}]}<\/script>\n<!-- \/ Yoast SEO plugin. -->","yoast_head_json":{"title":"Nasze Grupy - Mali Arty\u015bci","robots":{"index":"index","follow":"follow","max-snippet":"max-snippet:-1","max-image-preview":"max-image-preview:large","max-video-preview":"max-video-preview:-1"},"canonical":"https:\/\/maliartysci.schoolpage.pl\/index.php\/o-nas\/nasze-grupy\/","og_locale":"pl_PL","og_type":"article","og_title":"Nasze Grupy - Mali Arty\u015bci","og_description":"GRUPA I&nbsp; &nbsp; &nbsp; \u201eSmerfy&#8221; Z grupa pracuj\u0105: P. Ania, P. Ewa, P. Aneta GRUPA II &#8222;Pszcz\u00f3\u0142ki&#8221; Z grup\u0105 pracuj\u0105: P. Svitlana, P. Aneta GRUPA III &#8222;Tygryski&#8221; Z grup\u0105 pracuj\u0105: P. Marlena, P.Julia &nbsp;GRUPA IV&nbsp;&nbsp;&nbsp;&nbsp; &#8222;Misie&#8221; Z grupa pracuj\u0105: P.","og_url":"https:\/\/maliartysci.schoolpage.pl\/index.php\/o-nas\/nasze-grupy\/","og_site_name":"Mali Arty\u015bci","article_modified_time":"2025-10-02T17:09:55+00:00","og_image":[{"width":1024,"height":768,"url":"https:\/\/maliartysci.schoolpage.pl\/wp-content\/uploads\/2025\/10\/smerf.jpg","type":"image\/jpeg"}],"twitter_card":"summary_large_image","twitter_misc":{"Szacowany czas czytania":"2 minuty"},"schema":{"@context":"https:\/\/schema.org","@graph":[{"@type":"WebPage","@id":"https:\/\/maliartysci.schoolpage.pl\/index.php\/o-nas\/nasze-grupy\/","url":"https:\/\/maliartysci.schoolpage.pl\/index.php\/o-nas\/nasze-grupy\/","name":"Nasze Grupy - Mali Arty\u015bci","isPartOf":{"@id":"https:\/\/maliartysci.schoolpage.pl\/#website"},"primaryImageOfPage":{"@id":"https:\/\/maliartysci.schoolpage.pl\/index.php\/o-nas\/nasze-grupy\/#primaryimage"},"image":{"@id":"https:\/\/maliartysci.schoolpage.pl\/index.php\/o-nas\/nasze-grupy\/#primaryimage"},"thumbnailUrl":"https:\/\/maliartysci.schoolpage.pl\/wp-content\/uploads\/2025\/10\/smerf.jpg","datePublished":"2019-10-08T19:50:00+00:00","dateModified":"2025-10-02T17:09:55+00:00","breadcrumb":{"@id":"https:\/\/maliartysci.schoolpage.pl\/index.php\/o-nas\/nasze-grupy\/#breadcrumb"},"inLanguage":"pl-PL","potentialAction":[{"@type":"ReadAction","target":["https:\/\/maliartysci.schoolpage.pl\/index.php\/o-nas\/nasze-grupy\/"]}]},{"@type":"ImageObject","inLanguage":"pl-PL","@id":"https:\/\/maliartysci.schoolpage.pl\/index.php\/o-nas\/nasze-grupy\/#primaryimage","url":"https:\/\/maliartysci.schoolpage.pl\/wp-content\/uploads\/2025\/10\/smerf.jpg","contentUrl":"https:\/\/maliartysci.schoolpage.pl\/wp-content\/uploads\/2025\/10\/smerf.jpg","width":1024,"height":768},{"@type":"BreadcrumbList","@id":"https:\/\/maliartysci.schoolpage.pl\/index.php\/o-nas\/nasze-grupy\/#breadcrumb","itemListElement":[{"@type":"ListItem","position":1,"name":"Strona g\u0142\u00f3wna","item":"https:\/\/maliartysci.schoolpage.pl\/"},{"@type":"ListItem","position":2,"name":"O nas","item":"https:\/\/maliartysci.schoolpage.pl\/index.php\/o-nas\/"},{"@type":"ListItem","position":3,"name":"Nasze Grupy"}]},{"@type":"WebSite","@id":"https:\/\/maliartysci.schoolpage.pl\/#website","url":"https:\/\/maliartysci.schoolpage.pl\/","name":"Mali Arty\u015bci","description":"Niepubliczne Przedszkole","publisher":{"@id":"https:\/\/maliartysci.schoolpage.pl\/#organization"},"potentialAction":[{"@type":"SearchAction","target":{"@type":"EntryPoint","urlTemplate":"https:\/\/maliartysci.schoolpage.pl\/?s={search_term_string}"},"query-input":{"@type":"PropertyValueSpecification","valueRequired":true,"valueName":"search_term_string"}}],"inLanguage":"pl-PL"},{"@type":"Organization","@id":"https:\/\/maliartysci.schoolpage.pl\/#organization","name":"Mali Arty\u015bci","url":"https:\/\/maliartysci.schoolpage.pl\/","logo":{"@type":"ImageObject","inLanguage":"pl-PL","@id":"https:\/\/maliartysci.schoolpage.pl\/#\/schema\/logo\/image\/","url":"https:\/\/maliartysci.schoolpage.pl\/wp-content\/uploads\/2019\/10\/cropped-logo-ma\u0142e72.jpg","contentUrl":"https:\/\/maliartysci.schoolpage.pl\/wp-content\/uploads\/2019\/10\/cropped-logo-ma\u0142e72.jpg","width":90,"height":90,"caption":"Mali Arty\u015bci"},"image":{"@id":"https:\/\/maliartysci.schoolpage.pl\/#\/schema\/logo\/image\/"}}]}},"_links":{"self":[{"href":"https:\/\/maliartysci.schoolpage.pl\/index.php\/wp-json\/wp\/v2\/pages\/68","targetHints":{"allow":["GET"]}}],"collection":[{"href":"https:\/\/maliartysci.schoolpage.pl\/index.php\/wp-json\/wp\/v2\/pages"}],"about":[{"href":"https:\/\/maliartysci.schoolpage.pl\/index.php\/wp-json\/wp\/v2\/types\/page"}],"author":[{"embeddable":true,"href":"https:\/\/maliartysci.schoolpage.pl\/index.php\/wp-json\/wp\/v2\/users\/1"}],"replies":[{"embeddable":true,"href":"https:\/\/maliartysci.schoolpage.pl\/index.php\/wp-json\/wp\/v2\/comments?post=68"}],"version-history":[{"count":27,"href":"https:\/\/maliartysci.schoolpage.pl\/index.php\/wp-json\/wp\/v2\/pages\/68\/revisions"}],"predecessor-version":[{"id":1558,"href":"https:\/\/maliartysci.schoolpage.pl\/index.php\/wp-json\/wp\/v2\/pages\/68\/revisions\/1558"}],"up":[{"embeddable":true,"href":"https:\/\/maliartysci.schoolpage.pl\/index.php\/wp-json\/wp\/v2\/pages\/16"}],"wp:attachment":[{"href":"https:\/\/maliartysci.schoolpage.pl\/index.php\/wp-json\/wp\/v2\/media?parent=68"}],"curies":[{"name":"wp","href":"https:\/\/api.w.org\/{rel}","templated":true}]}}