{"id":64,"date":"2019-10-08T21:47:47","date_gmt":"2019-10-08T19:47:47","guid":{"rendered":"http:\/\/foto-slub.home.pl\/autoinstalator\/wordpressplugins18\/?page_id=64"},"modified":"2025-10-02T18:18:13","modified_gmt":"2025-10-02T16:18:13","slug":"nasza-kadra","status":"publish","type":"page","link":"https:\/\/maliartysci.schoolpage.pl\/index.php\/o-nas\/nasza-kadra\/","title":{"rendered":"Nasza Kadra"},"content":{"rendered":"\n<p class=\"has-vivid-red-color has-text-color\"><strong><em>Nasza kadra pedagogiczna to zesp\u00f3\u0142&nbsp; kreatywnych, zaanga\u017cowanych w prac\u0119 os\u00f3b z wymaganymi kwalifikacjami nauczycieli wychowania przedszkolnego. Jeste\u015bmy otwarci na wsp\u00f3\u0142prac\u0119 z rodzicami. <\/em><\/strong><\/p>\n\n\n\n<p class=\"has-vivid-red-color has-text-color\"><strong><em>Dbamy, aby pod naszym kierunkiem dzieci wszechstronnie si\u0119 rozwija\u0142y, by\u0142y bezpieczne, zadowolone i ch\u0119tnie przychodzi\u0142y do naszego przedszkola. Nasi nauczyciele wci\u0105\u017c poszerzaj\u0105 swoj\u0105 wiedz\u0119 poprzez kursy i szkolenia. Wsp\u00f3\u0142pracujemy ze specjalistami: psychologiem, logoped\u0105, pedagogiem i dietetykiem<\/em>.<\/strong><\/p>\n\n\n\n<p class=\"has-vivid-cyan-blue-color has-text-color\"><strong>Dyrektor pedagogiczny<\/strong><\/p>\n\n\n\n<h3 class=\"wp-block-heading has-vivid-cyan-blue-color has-text-color\"><strong>P. Monika Jurkiewicz<br>\n<\/strong><\/h3>\n\n\n\n<p class=\"has-vivid-red-color has-pale-cyan-blue-background-color has-text-color has-background\"><strong>Nasza kadra:<\/strong><\/p>\n\n\n\n<p class=\"has-vivid-cyan-blue-color has-text-color\"><strong>P. Marlena<\/strong><\/p>\n\n\n\n<p class=\"has-vivid-cyan-blue-color has-text-color\"><strong>P. Anna<\/strong><\/p>\n\n\n\n<p class=\"has-vivid-cyan-blue-color has-text-color\"><strong>P. Svitlana<\/strong><\/p>\n\n\n\n<p class=\"has-vivid-cyan-blue-color has-text-color\"><strong>P. Urszula <\/strong><\/p>\n\n\n\n<p class=\"has-vivid-cyan-blue-color has-text-color\"><strong>P. Ewa<\/strong><\/p>\n\n\n\n<p class=\"has-vivid-cyan-blue-color has-text-color\"><strong>P.<\/strong> <strong>Julia<\/strong><\/p>\n\n\n\n<p class=\"has-vivid-red-color has-luminous-vivid-amber-background-color has-text-color has-background\">&nbsp;<strong>Wsp\u00f3\u0142pracuj\u0105 z nami:<\/strong><\/p>\n\n\n\n<p class=\"has-text-align-center has-vivid-cyan-blue-color has-cool-to-warm-spectrum-gradient-background has-text-color has-background\">Nauczyciel j\u0119zyka angielskiego&nbsp;&nbsp;&nbsp;&nbsp;      &nbsp; &nbsp; &#8211;                    P. Pola<\/p>\n\n\n\n<p class=\"has-text-align-center has-vivid-cyan-blue-color has-pale-cyan-blue-background-color has-text-color has-background\">Instruktor zaj\u0119\u0107 rytmiki &nbsp; &nbsp; &nbsp; &nbsp;       &nbsp; &nbsp; &#8211;                               P. Justyna<\/p>\n\n\n\n<p class=\"has-text-align-center has-vivid-cyan-blue-color has-pale-pink-background-color has-text-color has-background\">Logopeda&nbsp;&nbsp;&nbsp;&nbsp;&nbsp;&nbsp;&nbsp;&nbsp;&nbsp;&nbsp;&nbsp;&nbsp;&nbsp;&nbsp;&nbsp;&nbsp;&nbsp;&nbsp;&nbsp;&nbsp;&nbsp;&nbsp; &#8211;                          P. Barbara<\/p>\n\n\n\n<p class=\"has-text-align-center has-vivid-cyan-blue-color has-light-green-cyan-background-color has-text-color has-background\">Psycholog&nbsp;&nbsp;&nbsp;&nbsp;&nbsp;&nbsp;&nbsp;&nbsp;&nbsp;&nbsp;&nbsp;&nbsp;&nbsp;        &nbsp;&nbsp;&nbsp;&nbsp;&nbsp;&nbsp;&nbsp;&nbsp;&nbsp;&nbsp;&nbsp;&nbsp; &#8211;                  P. Ma\u0142gorzata<\/p>\n\n\n\n<p class=\"has-text-align-center has-vivid-cyan-blue-color has-vivid-green-cyan-background-color has-text-color has-background\">Pedagog                            &nbsp;&nbsp; &#8211;             P Lucyna<\/p>\n\n\n\n<p class=\"has-text-align-center has-vivid-cyan-blue-color has-luminous-vivid-orange-background-color has-text-color has-background\">Instruktor gimnastyki korekcyjnej&nbsp;             &#8211;          P. Robert<\/p>\n\n\n\n<p class=\"has-text-align-center has-vivid-cyan-blue-color has-luminous-vivid-amber-to-luminous-vivid-orange-gradient-background has-text-color has-background\">Prowadz\u0105cy zaj\u0119cia jogi &nbsp;&nbsp;&nbsp;&nbsp;&nbsp;&nbsp;&nbsp;&nbsp;&nbsp; &#8211;        P. Natalia<\/p>\n\n\n\n<p class=\"has-text-align-center has-vivid-cyan-blue-color has-very-light-gray-to-cyan-bluish-gray-gradient-background has-text-color has-background\">Prowadz\u0105cy zaj\u0119cia z robotyki&nbsp;&nbsp;&nbsp;&nbsp;&nbsp;&nbsp;&nbsp;&nbsp; &#8211;     Firma &#8222;GO4ROBOT&#8221;<\/p>\n\n\n\n<p class=\"has-text-align-center has-luminous-dusk-gradient-background has-background\">Prowadz\u0105cy warsztaty Treningu Umiej\u0119tno\u015bci Spo\u0142ecznych &#8211;     P.Ania<\/p>\n\n\n\n<p class=\"has-text-align-center has-electric-grass-gradient-background has-background\">Prowadz\u0105cy zaj\u0119cia z Logorytmiki &#8211; P. Ula<\/p>\n\n\n\n<p class=\"has-text-align-center has-vivid-cyan-blue-color has-blush-light-purple-gradient-background has-text-color has-background\">Prowadz\u0105cy warsztaty Muzykoterapii\u00a0\u00a0\u00a0\u00a0 &#8211; P. Justyna<\/p>\n\n\n\n<p class=\"has-text-align-center has-vivid-cyan-blue-color has-light-green-cyan-to-vivid-green-cyan-gradient-background has-text-color has-background\">Prowadz\u0105cy zaj\u0119cia taneczne         &#8211;          P.Pawe\u0142<\/p>\n\n\n\n<p class=\"has-text-align-center has-black-color has-cool-to-warm-spectrum-gradient-background has-text-color has-background has-link-color wp-elements-94a1ce1626cc3981ab8b5a54628d15d4\">\u00a0\u00a0\u00a0\u00a0\u00a0\u00a0\u00a0\u00a0\u00a0\u00a0\u00a0\u00a0\u00a0\u00a0 <\/p>\n\n\n\n<p class=\"has-text-align-center has-vivid-cyan-blue-color has-cool-to-warm-spectrum-gradient-background has-text-color has-background has-link-color wp-elements-84814bf0c1cd227bc24e8025aa80e1e0\"><\/p>\n\n\n\n<figure class=\"wp-block-image aligncenter size-full\"><img loading=\"lazy\" decoding=\"async\" width=\"340\" height=\"340\" src=\"https:\/\/maliartysci.schoolpage.pl\/wp-content\/uploads\/2022\/05\/heart-3097905__340.webp\" alt=\"\" class=\"wp-image-668\" srcset=\"https:\/\/maliartysci.schoolpage.pl\/wp-content\/uploads\/2022\/05\/heart-3097905__340.webp 340w, https:\/\/maliartysci.schoolpage.pl\/wp-content\/uploads\/2022\/05\/heart-3097905__340-300x300.webp 300w, https:\/\/maliartysci.schoolpage.pl\/wp-content\/uploads\/2022\/05\/heart-3097905__340-150x150.webp 150w, https:\/\/maliartysci.schoolpage.pl\/wp-content\/uploads\/2022\/05\/heart-3097905__340-270x270.webp 270w, https:\/\/maliartysci.schoolpage.pl\/wp-content\/uploads\/2022\/05\/heart-3097905__340-230x230.webp 230w\" sizes=\"auto, (max-width: 340px) 100vw, 340px\" \/><\/figure>\n","protected":false},"excerpt":{"rendered":"<p>Nasza kadra pedagogiczna to zesp\u00f3\u0142&nbsp; kreatywnych, zaanga\u017cowanych w prac\u0119 os\u00f3b z wymaganymi kwalifikacjami nauczycieli wychowania przedszkolnego. Jeste\u015bmy otwarci na wsp\u00f3\u0142prac\u0119 z rodzicami. Dbamy, aby pod naszym kierunkiem dzieci wszechstronnie si\u0119 rozwija\u0142y, by\u0142y bezpieczne, zadowolone i ch\u0119tnie przychodzi\u0142y do naszego przedszkola.<\/p>\n","protected":false},"author":1,"featured_media":0,"parent":16,"menu_order":0,"comment_status":"closed","ping_status":"closed","template":"","meta":{"footnotes":""},"class_list":["post-64","page","type-page","status-publish","hentry"],"yoast_head":"<!-- This site is optimized with the Yoast SEO plugin v27.4 - https:\/\/yoast.com\/product\/yoast-seo-wordpress\/ -->\n<title>Nasza Kadra - Mali Arty\u015bci<\/title>\n<meta name=\"robots\" content=\"index, follow, max-snippet:-1, max-image-preview:large, max-video-preview:-1\" \/>\n<link rel=\"canonical\" href=\"https:\/\/maliartysci.schoolpage.pl\/index.php\/o-nas\/nasza-kadra\/\" \/>\n<meta property=\"og:locale\" content=\"pl_PL\" \/>\n<meta property=\"og:type\" content=\"article\" \/>\n<meta property=\"og:title\" content=\"Nasza Kadra - Mali Arty\u015bci\" \/>\n<meta property=\"og:description\" content=\"Nasza kadra pedagogiczna to zesp\u00f3\u0142&nbsp; kreatywnych, zaanga\u017cowanych w prac\u0119 os\u00f3b z wymaganymi kwalifikacjami nauczycieli wychowania przedszkolnego. Jeste\u015bmy otwarci na wsp\u00f3\u0142prac\u0119 z rodzicami. Dbamy, aby pod naszym kierunkiem dzieci wszechstronnie si\u0119 rozwija\u0142y, by\u0142y bezpieczne, zadowolone i ch\u0119tnie przychodzi\u0142y do naszego przedszkola.\" \/>\n<meta property=\"og:url\" content=\"https:\/\/maliartysci.schoolpage.pl\/index.php\/o-nas\/nasza-kadra\/\" \/>\n<meta property=\"og:site_name\" content=\"Mali Arty\u015bci\" \/>\n<meta property=\"article:modified_time\" content=\"2025-10-02T16:18:13+00:00\" \/>\n<meta property=\"og:image\" content=\"https:\/\/maliartysci.schoolpage.pl\/wp-content\/uploads\/2022\/05\/heart-3097905__340.webp\" \/>\n\t<meta property=\"og:image:width\" content=\"340\" \/>\n\t<meta property=\"og:image:height\" content=\"340\" \/>\n\t<meta property=\"og:image:type\" content=\"image\/webp\" \/>\n<meta name=\"twitter:card\" content=\"summary_large_image\" \/>\n<meta name=\"twitter:label1\" content=\"Szacowany czas czytania\" \/>\n\t<meta name=\"twitter:data1\" content=\"2 minuty\" \/>\n<script type=\"application\/ld+json\" class=\"yoast-schema-graph\">{\"@context\":\"https:\\\/\\\/schema.org\",\"@graph\":[{\"@type\":\"WebPage\",\"@id\":\"https:\\\/\\\/maliartysci.schoolpage.pl\\\/index.php\\\/o-nas\\\/nasza-kadra\\\/\",\"url\":\"https:\\\/\\\/maliartysci.schoolpage.pl\\\/index.php\\\/o-nas\\\/nasza-kadra\\\/\",\"name\":\"Nasza Kadra - Mali Arty\u015bci\",\"isPartOf\":{\"@id\":\"https:\\\/\\\/maliartysci.schoolpage.pl\\\/#website\"},\"primaryImageOfPage\":{\"@id\":\"https:\\\/\\\/maliartysci.schoolpage.pl\\\/index.php\\\/o-nas\\\/nasza-kadra\\\/#primaryimage\"},\"image\":{\"@id\":\"https:\\\/\\\/maliartysci.schoolpage.pl\\\/index.php\\\/o-nas\\\/nasza-kadra\\\/#primaryimage\"},\"thumbnailUrl\":\"https:\\\/\\\/maliartysci.schoolpage.pl\\\/wp-content\\\/uploads\\\/2022\\\/05\\\/heart-3097905__340.webp\",\"datePublished\":\"2019-10-08T19:47:47+00:00\",\"dateModified\":\"2025-10-02T16:18:13+00:00\",\"breadcrumb\":{\"@id\":\"https:\\\/\\\/maliartysci.schoolpage.pl\\\/index.php\\\/o-nas\\\/nasza-kadra\\\/#breadcrumb\"},\"inLanguage\":\"pl-PL\",\"potentialAction\":[{\"@type\":\"ReadAction\",\"target\":[\"https:\\\/\\\/maliartysci.schoolpage.pl\\\/index.php\\\/o-nas\\\/nasza-kadra\\\/\"]}]},{\"@type\":\"ImageObject\",\"inLanguage\":\"pl-PL\",\"@id\":\"https:\\\/\\\/maliartysci.schoolpage.pl\\\/index.php\\\/o-nas\\\/nasza-kadra\\\/#primaryimage\",\"url\":\"https:\\\/\\\/maliartysci.schoolpage.pl\\\/wp-content\\\/uploads\\\/2022\\\/05\\\/heart-3097905__340.webp\",\"contentUrl\":\"https:\\\/\\\/maliartysci.schoolpage.pl\\\/wp-content\\\/uploads\\\/2022\\\/05\\\/heart-3097905__340.webp\",\"width\":340,\"height\":340},{\"@type\":\"BreadcrumbList\",\"@id\":\"https:\\\/\\\/maliartysci.schoolpage.pl\\\/index.php\\\/o-nas\\\/nasza-kadra\\\/#breadcrumb\",\"itemListElement\":[{\"@type\":\"ListItem\",\"position\":1,\"name\":\"Strona g\u0142\u00f3wna\",\"item\":\"https:\\\/\\\/maliartysci.schoolpage.pl\\\/\"},{\"@type\":\"ListItem\",\"position\":2,\"name\":\"O nas\",\"item\":\"https:\\\/\\\/maliartysci.schoolpage.pl\\\/index.php\\\/o-nas\\\/\"},{\"@type\":\"ListItem\",\"position\":3,\"name\":\"Nasza Kadra\"}]},{\"@type\":\"WebSite\",\"@id\":\"https:\\\/\\\/maliartysci.schoolpage.pl\\\/#website\",\"url\":\"https:\\\/\\\/maliartysci.schoolpage.pl\\\/\",\"name\":\"Mali Arty\u015bci\",\"description\":\"Niepubliczne Przedszkole\",\"publisher\":{\"@id\":\"https:\\\/\\\/maliartysci.schoolpage.pl\\\/#organization\"},\"potentialAction\":[{\"@type\":\"SearchAction\",\"target\":{\"@type\":\"EntryPoint\",\"urlTemplate\":\"https:\\\/\\\/maliartysci.schoolpage.pl\\\/?s={search_term_string}\"},\"query-input\":{\"@type\":\"PropertyValueSpecification\",\"valueRequired\":true,\"valueName\":\"search_term_string\"}}],\"inLanguage\":\"pl-PL\"},{\"@type\":\"Organization\",\"@id\":\"https:\\\/\\\/maliartysci.schoolpage.pl\\\/#organization\",\"name\":\"Mali Arty\u015bci\",\"url\":\"https:\\\/\\\/maliartysci.schoolpage.pl\\\/\",\"logo\":{\"@type\":\"ImageObject\",\"inLanguage\":\"pl-PL\",\"@id\":\"https:\\\/\\\/maliartysci.schoolpage.pl\\\/#\\\/schema\\\/logo\\\/image\\\/\",\"url\":\"https:\\\/\\\/maliartysci.schoolpage.pl\\\/wp-content\\\/uploads\\\/2019\\\/10\\\/cropped-logo-ma\u0142e72.jpg\",\"contentUrl\":\"https:\\\/\\\/maliartysci.schoolpage.pl\\\/wp-content\\\/uploads\\\/2019\\\/10\\\/cropped-logo-ma\u0142e72.jpg\",\"width\":90,\"height\":90,\"caption\":\"Mali Arty\u015bci\"},\"image\":{\"@id\":\"https:\\\/\\\/maliartysci.schoolpage.pl\\\/#\\\/schema\\\/logo\\\/image\\\/\"}}]}<\/script>\n<!-- \/ Yoast SEO plugin. -->","yoast_head_json":{"title":"Nasza Kadra - Mali Arty\u015bci","robots":{"index":"index","follow":"follow","max-snippet":"max-snippet:-1","max-image-preview":"max-image-preview:large","max-video-preview":"max-video-preview:-1"},"canonical":"https:\/\/maliartysci.schoolpage.pl\/index.php\/o-nas\/nasza-kadra\/","og_locale":"pl_PL","og_type":"article","og_title":"Nasza Kadra - Mali Arty\u015bci","og_description":"Nasza kadra pedagogiczna to zesp\u00f3\u0142&nbsp; kreatywnych, zaanga\u017cowanych w prac\u0119 os\u00f3b z wymaganymi kwalifikacjami nauczycieli wychowania przedszkolnego. Jeste\u015bmy otwarci na wsp\u00f3\u0142prac\u0119 z rodzicami. Dbamy, aby pod naszym kierunkiem dzieci wszechstronnie si\u0119 rozwija\u0142y, by\u0142y bezpieczne, zadowolone i ch\u0119tnie przychodzi\u0142y do naszego przedszkola.","og_url":"https:\/\/maliartysci.schoolpage.pl\/index.php\/o-nas\/nasza-kadra\/","og_site_name":"Mali Arty\u015bci","article_modified_time":"2025-10-02T16:18:13+00:00","og_image":[{"width":340,"height":340,"url":"https:\/\/maliartysci.schoolpage.pl\/wp-content\/uploads\/2022\/05\/heart-3097905__340.webp","type":"image\/webp"}],"twitter_card":"summary_large_image","twitter_misc":{"Szacowany czas czytania":"2 minuty"},"schema":{"@context":"https:\/\/schema.org","@graph":[{"@type":"WebPage","@id":"https:\/\/maliartysci.schoolpage.pl\/index.php\/o-nas\/nasza-kadra\/","url":"https:\/\/maliartysci.schoolpage.pl\/index.php\/o-nas\/nasza-kadra\/","name":"Nasza Kadra - Mali Arty\u015bci","isPartOf":{"@id":"https:\/\/maliartysci.schoolpage.pl\/#website"},"primaryImageOfPage":{"@id":"https:\/\/maliartysci.schoolpage.pl\/index.php\/o-nas\/nasza-kadra\/#primaryimage"},"image":{"@id":"https:\/\/maliartysci.schoolpage.pl\/index.php\/o-nas\/nasza-kadra\/#primaryimage"},"thumbnailUrl":"https:\/\/maliartysci.schoolpage.pl\/wp-content\/uploads\/2022\/05\/heart-3097905__340.webp","datePublished":"2019-10-08T19:47:47+00:00","dateModified":"2025-10-02T16:18:13+00:00","breadcrumb":{"@id":"https:\/\/maliartysci.schoolpage.pl\/index.php\/o-nas\/nasza-kadra\/#breadcrumb"},"inLanguage":"pl-PL","potentialAction":[{"@type":"ReadAction","target":["https:\/\/maliartysci.schoolpage.pl\/index.php\/o-nas\/nasza-kadra\/"]}]},{"@type":"ImageObject","inLanguage":"pl-PL","@id":"https:\/\/maliartysci.schoolpage.pl\/index.php\/o-nas\/nasza-kadra\/#primaryimage","url":"https:\/\/maliartysci.schoolpage.pl\/wp-content\/uploads\/2022\/05\/heart-3097905__340.webp","contentUrl":"https:\/\/maliartysci.schoolpage.pl\/wp-content\/uploads\/2022\/05\/heart-3097905__340.webp","width":340,"height":340},{"@type":"BreadcrumbList","@id":"https:\/\/maliartysci.schoolpage.pl\/index.php\/o-nas\/nasza-kadra\/#breadcrumb","itemListElement":[{"@type":"ListItem","position":1,"name":"Strona g\u0142\u00f3wna","item":"https:\/\/maliartysci.schoolpage.pl\/"},{"@type":"ListItem","position":2,"name":"O nas","item":"https:\/\/maliartysci.schoolpage.pl\/index.php\/o-nas\/"},{"@type":"ListItem","position":3,"name":"Nasza Kadra"}]},{"@type":"WebSite","@id":"https:\/\/maliartysci.schoolpage.pl\/#website","url":"https:\/\/maliartysci.schoolpage.pl\/","name":"Mali Arty\u015bci","description":"Niepubliczne Przedszkole","publisher":{"@id":"https:\/\/maliartysci.schoolpage.pl\/#organization"},"potentialAction":[{"@type":"SearchAction","target":{"@type":"EntryPoint","urlTemplate":"https:\/\/maliartysci.schoolpage.pl\/?s={search_term_string}"},"query-input":{"@type":"PropertyValueSpecification","valueRequired":true,"valueName":"search_term_string"}}],"inLanguage":"pl-PL"},{"@type":"Organization","@id":"https:\/\/maliartysci.schoolpage.pl\/#organization","name":"Mali Arty\u015bci","url":"https:\/\/maliartysci.schoolpage.pl\/","logo":{"@type":"ImageObject","inLanguage":"pl-PL","@id":"https:\/\/maliartysci.schoolpage.pl\/#\/schema\/logo\/image\/","url":"https:\/\/maliartysci.schoolpage.pl\/wp-content\/uploads\/2019\/10\/cropped-logo-ma\u0142e72.jpg","contentUrl":"https:\/\/maliartysci.schoolpage.pl\/wp-content\/uploads\/2019\/10\/cropped-logo-ma\u0142e72.jpg","width":90,"height":90,"caption":"Mali Arty\u015bci"},"image":{"@id":"https:\/\/maliartysci.schoolpage.pl\/#\/schema\/logo\/image\/"}}]}},"_links":{"self":[{"href":"https:\/\/maliartysci.schoolpage.pl\/index.php\/wp-json\/wp\/v2\/pages\/64","targetHints":{"allow":["GET"]}}],"collection":[{"href":"https:\/\/maliartysci.schoolpage.pl\/index.php\/wp-json\/wp\/v2\/pages"}],"about":[{"href":"https:\/\/maliartysci.schoolpage.pl\/index.php\/wp-json\/wp\/v2\/types\/page"}],"author":[{"embeddable":true,"href":"https:\/\/maliartysci.schoolpage.pl\/index.php\/wp-json\/wp\/v2\/users\/1"}],"replies":[{"embeddable":true,"href":"https:\/\/maliartysci.schoolpage.pl\/index.php\/wp-json\/wp\/v2\/comments?post=64"}],"version-history":[{"count":28,"href":"https:\/\/maliartysci.schoolpage.pl\/index.php\/wp-json\/wp\/v2\/pages\/64\/revisions"}],"predecessor-version":[{"id":1545,"href":"https:\/\/maliartysci.schoolpage.pl\/index.php\/wp-json\/wp\/v2\/pages\/64\/revisions\/1545"}],"up":[{"embeddable":true,"href":"https:\/\/maliartysci.schoolpage.pl\/index.php\/wp-json\/wp\/v2\/pages\/16"}],"wp:attachment":[{"href":"https:\/\/maliartysci.schoolpage.pl\/index.php\/wp-json\/wp\/v2\/media?parent=64"}],"curies":[{"name":"wp","href":"https:\/\/api.w.org\/{rel}","templated":true}]}}