{"id":62,"date":"2019-10-08T21:47:06","date_gmt":"2019-10-08T19:47:06","guid":{"rendered":"http:\/\/foto-slub.home.pl\/autoinstalator\/wordpressplugins18\/?page_id=62"},"modified":"2023-03-30T21:08:56","modified_gmt":"2023-03-30T19:08:56","slug":"nasza-misja","status":"publish","type":"page","link":"https:\/\/maliartysci.schoolpage.pl\/index.php\/o-nas\/nasza-misja\/","title":{"rendered":"Nasza misja"},"content":{"rendered":"\n<p class=\"has-vivid-red-color has-text-color\"><strong>Misja pracy przedszkola, to okre\u015blenie kierunku dzia\u0142a\u0144 i relacji nauczyciel \u2013 dziecko \u2013 rodzic. <\/strong><\/p>\n\n\n\n<p class=\"has-vivid-green-cyan-color has-text-color\"><strong><em>To spos\u00f3b udzielania odpowiedzi, na pytania: <\/em><\/strong><\/p>\n\n\n\n<ul class=\"wp-block-list\">\n<li><strong>Jak nale\u017cy pracowa\u0107 z dzieckiem w wieku przedszkolnym ? <\/strong><\/li>\n\n\n\n<li><strong>Jakie podj\u0105\u0107 dzia\u0142ania wspieraj\u0105ce jego rozw\u00f3j i zapewnienie lepszych szans edukacyjnych ?<\/strong><\/li>\n<\/ul>\n\n\n\n<p class=\"has-vivid-green-cyan-color has-text-color\"><strong><em>Praca z dzieckiem dotyczy odpowiedzialnego organizowania zamierzonej przestrzeni zabawowo \u2013 edukacyjnej, w kt\u00f3rej dziecko\u00a0 b\u0119dzie mog\u0142o funkcjonowa\u0107<\/em> jako: <\/strong><\/p>\n\n\n\n<ul class=\"wp-block-list\">\n<li><strong>Istota aktywna, autonomiczna, ekspresyjna, pomys\u0142owa, kreatywna, spontaniczna, samodzielna, tw\u00f3rcza, korzystaj\u0105ca <\/strong><strong>z w\u0142asnej wyobra\u017ani i wrodzonego potencja\u0142u.<\/strong><\/li>\n<\/ul>\n\n\n\n<p class=\"has-vivid-red-color has-vivid-cyan-blue-background-color has-text-color has-background\"><strong>Efektywny nauczyciel posiada umiej\u0119tno\u015bci, zadaje nast\u0119puj\u0105ce pytania i poszukuje odpowiedzi ? <\/strong><\/p>\n\n\n\n<p class=\"has-vivid-green-cyan-color has-text-color\"><strong><em>1. Umiej\u0119tno\u015b\u0107 planowania pracy.<\/em> <\/strong><\/p>\n\n\n\n<ul class=\"wp-block-list\">\n<li><strong>Dok\u0105d chc\u0119 doprowadzi\u0107 moje dzieci ? <\/strong><\/li>\n\n\n\n<li><strong>Jak im pokaza\u0107 \u015bwiat ? <\/strong><\/li>\n\n\n\n<li><strong>W co je wyposa\u017cy\u0107 ? <\/strong><\/li>\n<\/ul>\n\n\n\n<p class=\"has-vivid-green-cyan-color has-text-color\"><strong><em>2. Umiej\u0119tno\u015b\u0107 dokonania diagnozy pedagogicznej<\/em>. <\/strong><\/p>\n\n\n\n<ul class=\"wp-block-list\">\n<li><strong>Jakimi drogami mog\u0105 tam doj\u015b\u0107 nasze dzieci ? <\/strong><\/li>\n\n\n\n<li><strong>Czy b\u0119d\u0119 r\u00f3\u017cnicowa\u0107 \u201etrasy\u201d ze wzgl\u0119du na mo\u017cliwo\u015bci i preferencje moich dzieci ? <\/strong><\/li>\n<\/ul>\n\n\n\n<p class=\"has-vivid-green-cyan-color has-text-color\"><strong><em>3. Umiej\u0119tno\u015b\u0107 rozwijania dziecka.<\/em> <\/strong><\/p>\n\n\n\n<ul class=\"wp-block-list\">\n<li><strong>Co powinny moje dzieci po drodze zobaczy\u0107, zwiedzi\u0107, do\u015bwiadczy\u0107, pozna\u0107, zrozumie\u0107 ? <\/strong><\/li>\n\n\n\n<li><strong>Jakie dzieci powinny zdoby\u0107 umiej\u0119tno\u015bci i do czego b\u0119d\u0105 im potrzebne ? <\/strong><\/li>\n<\/ul>\n\n\n\n<p class=\"has-vivid-green-cyan-color has-text-color\"><strong><em>4.Umiej\u0119tno\u015bci w\u0142a\u015bciwej organizacji procesu uczenia si\u0119 dzieci. <\/em><\/strong><\/p>\n\n\n\n<ul class=\"wp-block-list\">\n<li><strong>Jak zaprowadz\u0119 dzieci do wyznaczonego celu, jakie zastosuje metody i formy pracy ? <\/strong><\/li>\n<\/ul>\n\n\n\n<p class=\"has-vivid-green-cyan-color has-text-color\"><strong><em>5.Umiej\u0119tno\u015bci specyficzne i meta umiej\u0119tno\u015bci pracy z innymi lud\u017ami.<\/em> <\/strong><\/p>\n\n\n\n<ul class=\"wp-block-list\">\n<li><strong>Jakie mam predyspozycje, jak\u0105 jestem nauczycielk\u0105 ? <\/strong><\/li>\n\n\n\n<li><strong>Jak\u0105 musz\u0119 by\u0107, aby poprowadzi\u0107 moje dzieci ? <\/strong><\/li>\n<\/ul>\n\n\n\n<p class=\"has-vivid-green-cyan-color has-text-color\"><strong><em>6.Umiej\u0119tno\u015b\u0107 ewaluacji, autorefleksji i samooceny.<\/em> <\/strong><\/p>\n\n\n\n<ul class=\"wp-block-list\">\n<li><strong>Po czym poznam, \u017ce dosz\u0142am tam, gdzie planowa\u0142am w kontek\u015bcie postawionych pyta\u0144 ? <\/strong><\/li>\n\n\n\n<li><strong>Jak\u0105 zachowa\u0107 symetrie mi\u0119dzy potrzebami tera\u017aniejszymi dziecka w wieku<\/strong><strong>&nbsp;&nbsp;przedszkolnym,a&nbsp;koniecznymi&nbsp; do &nbsp;osi\u0105gni\u0119cia w przysz\u0142o\u015bci czynnik\u00f3w sprzyjaj\u0105cych prawid\u0142owemu&nbsp;&nbsp; funkcjonowaniu w otaczaj\u0105cej je rzeczywisto\u015bci ? <\/strong><\/li>\n\n\n\n<li><strong>W jaki spos\u00f3b wyposa\u017cy\u0107 dzieci w umiej\u0119tno\u015b\u0107 radzenia sobie w codziennych sytuacjach i dalszej edukacji ?<\/strong><\/li>\n<\/ul>\n","protected":false},"excerpt":{"rendered":"<p>Misja pracy przedszkola, to okre\u015blenie kierunku dzia\u0142a\u0144 i relacji nauczyciel \u2013 dziecko \u2013 rodzic. To spos\u00f3b udzielania odpowiedzi, na pytania: Praca z dzieckiem dotyczy odpowiedzialnego organizowania zamierzonej przestrzeni zabawowo \u2013 edukacyjnej, w kt\u00f3rej dziecko\u00a0 b\u0119dzie mog\u0142o funkcjonowa\u0107 jako: Efektywny nauczyciel<\/p>\n","protected":false},"author":1,"featured_media":0,"parent":16,"menu_order":0,"comment_status":"closed","ping_status":"closed","template":"","meta":{"footnotes":""},"class_list":["post-62","page","type-page","status-publish","hentry"],"yoast_head":"<!-- This site is optimized with the Yoast SEO plugin v27.5 - https:\/\/yoast.com\/product\/yoast-seo-wordpress\/ -->\n<title>Nasza misja - Mali Arty\u015bci<\/title>\n<meta name=\"robots\" content=\"index, follow, max-snippet:-1, max-image-preview:large, max-video-preview:-1\" \/>\n<link rel=\"canonical\" href=\"https:\/\/maliartysci.schoolpage.pl\/index.php\/o-nas\/nasza-misja\/\" \/>\n<meta property=\"og:locale\" content=\"pl_PL\" \/>\n<meta property=\"og:type\" content=\"article\" \/>\n<meta property=\"og:title\" content=\"Nasza misja - Mali Arty\u015bci\" \/>\n<meta property=\"og:description\" content=\"Misja pracy przedszkola, to okre\u015blenie kierunku dzia\u0142a\u0144 i relacji nauczyciel \u2013 dziecko \u2013 rodzic. To spos\u00f3b udzielania odpowiedzi, na pytania: Praca z dzieckiem dotyczy odpowiedzialnego organizowania zamierzonej przestrzeni zabawowo \u2013 edukacyjnej, w kt\u00f3rej dziecko\u00a0 b\u0119dzie mog\u0142o funkcjonowa\u0107 jako: Efektywny nauczyciel\" \/>\n<meta property=\"og:url\" content=\"https:\/\/maliartysci.schoolpage.pl\/index.php\/o-nas\/nasza-misja\/\" \/>\n<meta property=\"og:site_name\" content=\"Mali Arty\u015bci\" \/>\n<meta property=\"article:modified_time\" content=\"2023-03-30T19:08:56+00:00\" \/>\n<meta name=\"twitter:card\" content=\"summary_large_image\" \/>\n<meta name=\"twitter:label1\" content=\"Szacowany czas czytania\" \/>\n\t<meta name=\"twitter:data1\" content=\"2 minuty\" \/>\n<script type=\"application\/ld+json\" class=\"yoast-schema-graph\">{\"@context\":\"https:\\\/\\\/schema.org\",\"@graph\":[{\"@type\":\"WebPage\",\"@id\":\"https:\\\/\\\/maliartysci.schoolpage.pl\\\/index.php\\\/o-nas\\\/nasza-misja\\\/\",\"url\":\"https:\\\/\\\/maliartysci.schoolpage.pl\\\/index.php\\\/o-nas\\\/nasza-misja\\\/\",\"name\":\"Nasza misja - Mali Arty\u015bci\",\"isPartOf\":{\"@id\":\"https:\\\/\\\/maliartysci.schoolpage.pl\\\/#website\"},\"datePublished\":\"2019-10-08T19:47:06+00:00\",\"dateModified\":\"2023-03-30T19:08:56+00:00\",\"breadcrumb\":{\"@id\":\"https:\\\/\\\/maliartysci.schoolpage.pl\\\/index.php\\\/o-nas\\\/nasza-misja\\\/#breadcrumb\"},\"inLanguage\":\"pl-PL\",\"potentialAction\":[{\"@type\":\"ReadAction\",\"target\":[\"https:\\\/\\\/maliartysci.schoolpage.pl\\\/index.php\\\/o-nas\\\/nasza-misja\\\/\"]}]},{\"@type\":\"BreadcrumbList\",\"@id\":\"https:\\\/\\\/maliartysci.schoolpage.pl\\\/index.php\\\/o-nas\\\/nasza-misja\\\/#breadcrumb\",\"itemListElement\":[{\"@type\":\"ListItem\",\"position\":1,\"name\":\"Strona g\u0142\u00f3wna\",\"item\":\"https:\\\/\\\/maliartysci.schoolpage.pl\\\/\"},{\"@type\":\"ListItem\",\"position\":2,\"name\":\"O nas\",\"item\":\"https:\\\/\\\/maliartysci.schoolpage.pl\\\/index.php\\\/o-nas\\\/\"},{\"@type\":\"ListItem\",\"position\":3,\"name\":\"Nasza misja\"}]},{\"@type\":\"WebSite\",\"@id\":\"https:\\\/\\\/maliartysci.schoolpage.pl\\\/#website\",\"url\":\"https:\\\/\\\/maliartysci.schoolpage.pl\\\/\",\"name\":\"Mali Arty\u015bci\",\"description\":\"Niepubliczne Przedszkole\",\"publisher\":{\"@id\":\"https:\\\/\\\/maliartysci.schoolpage.pl\\\/#organization\"},\"potentialAction\":[{\"@type\":\"SearchAction\",\"target\":{\"@type\":\"EntryPoint\",\"urlTemplate\":\"https:\\\/\\\/maliartysci.schoolpage.pl\\\/?s={search_term_string}\"},\"query-input\":{\"@type\":\"PropertyValueSpecification\",\"valueRequired\":true,\"valueName\":\"search_term_string\"}}],\"inLanguage\":\"pl-PL\"},{\"@type\":\"Organization\",\"@id\":\"https:\\\/\\\/maliartysci.schoolpage.pl\\\/#organization\",\"name\":\"Mali Arty\u015bci\",\"url\":\"https:\\\/\\\/maliartysci.schoolpage.pl\\\/\",\"logo\":{\"@type\":\"ImageObject\",\"inLanguage\":\"pl-PL\",\"@id\":\"https:\\\/\\\/maliartysci.schoolpage.pl\\\/#\\\/schema\\\/logo\\\/image\\\/\",\"url\":\"https:\\\/\\\/maliartysci.schoolpage.pl\\\/wp-content\\\/uploads\\\/2019\\\/10\\\/cropped-logo-ma\u0142e72.jpg\",\"contentUrl\":\"https:\\\/\\\/maliartysci.schoolpage.pl\\\/wp-content\\\/uploads\\\/2019\\\/10\\\/cropped-logo-ma\u0142e72.jpg\",\"width\":90,\"height\":90,\"caption\":\"Mali Arty\u015bci\"},\"image\":{\"@id\":\"https:\\\/\\\/maliartysci.schoolpage.pl\\\/#\\\/schema\\\/logo\\\/image\\\/\"}}]}<\/script>\n<!-- \/ Yoast SEO plugin. -->","yoast_head_json":{"title":"Nasza misja - Mali Arty\u015bci","robots":{"index":"index","follow":"follow","max-snippet":"max-snippet:-1","max-image-preview":"max-image-preview:large","max-video-preview":"max-video-preview:-1"},"canonical":"https:\/\/maliartysci.schoolpage.pl\/index.php\/o-nas\/nasza-misja\/","og_locale":"pl_PL","og_type":"article","og_title":"Nasza misja - Mali Arty\u015bci","og_description":"Misja pracy przedszkola, to okre\u015blenie kierunku dzia\u0142a\u0144 i relacji nauczyciel \u2013 dziecko \u2013 rodzic. To spos\u00f3b udzielania odpowiedzi, na pytania: Praca z dzieckiem dotyczy odpowiedzialnego organizowania zamierzonej przestrzeni zabawowo \u2013 edukacyjnej, w kt\u00f3rej dziecko\u00a0 b\u0119dzie mog\u0142o funkcjonowa\u0107 jako: Efektywny nauczyciel","og_url":"https:\/\/maliartysci.schoolpage.pl\/index.php\/o-nas\/nasza-misja\/","og_site_name":"Mali Arty\u015bci","article_modified_time":"2023-03-30T19:08:56+00:00","twitter_card":"summary_large_image","twitter_misc":{"Szacowany czas czytania":"2 minuty"},"schema":{"@context":"https:\/\/schema.org","@graph":[{"@type":"WebPage","@id":"https:\/\/maliartysci.schoolpage.pl\/index.php\/o-nas\/nasza-misja\/","url":"https:\/\/maliartysci.schoolpage.pl\/index.php\/o-nas\/nasza-misja\/","name":"Nasza misja - Mali Arty\u015bci","isPartOf":{"@id":"https:\/\/maliartysci.schoolpage.pl\/#website"},"datePublished":"2019-10-08T19:47:06+00:00","dateModified":"2023-03-30T19:08:56+00:00","breadcrumb":{"@id":"https:\/\/maliartysci.schoolpage.pl\/index.php\/o-nas\/nasza-misja\/#breadcrumb"},"inLanguage":"pl-PL","potentialAction":[{"@type":"ReadAction","target":["https:\/\/maliartysci.schoolpage.pl\/index.php\/o-nas\/nasza-misja\/"]}]},{"@type":"BreadcrumbList","@id":"https:\/\/maliartysci.schoolpage.pl\/index.php\/o-nas\/nasza-misja\/#breadcrumb","itemListElement":[{"@type":"ListItem","position":1,"name":"Strona g\u0142\u00f3wna","item":"https:\/\/maliartysci.schoolpage.pl\/"},{"@type":"ListItem","position":2,"name":"O nas","item":"https:\/\/maliartysci.schoolpage.pl\/index.php\/o-nas\/"},{"@type":"ListItem","position":3,"name":"Nasza misja"}]},{"@type":"WebSite","@id":"https:\/\/maliartysci.schoolpage.pl\/#website","url":"https:\/\/maliartysci.schoolpage.pl\/","name":"Mali Arty\u015bci","description":"Niepubliczne Przedszkole","publisher":{"@id":"https:\/\/maliartysci.schoolpage.pl\/#organization"},"potentialAction":[{"@type":"SearchAction","target":{"@type":"EntryPoint","urlTemplate":"https:\/\/maliartysci.schoolpage.pl\/?s={search_term_string}"},"query-input":{"@type":"PropertyValueSpecification","valueRequired":true,"valueName":"search_term_string"}}],"inLanguage":"pl-PL"},{"@type":"Organization","@id":"https:\/\/maliartysci.schoolpage.pl\/#organization","name":"Mali Arty\u015bci","url":"https:\/\/maliartysci.schoolpage.pl\/","logo":{"@type":"ImageObject","inLanguage":"pl-PL","@id":"https:\/\/maliartysci.schoolpage.pl\/#\/schema\/logo\/image\/","url":"https:\/\/maliartysci.schoolpage.pl\/wp-content\/uploads\/2019\/10\/cropped-logo-ma\u0142e72.jpg","contentUrl":"https:\/\/maliartysci.schoolpage.pl\/wp-content\/uploads\/2019\/10\/cropped-logo-ma\u0142e72.jpg","width":90,"height":90,"caption":"Mali Arty\u015bci"},"image":{"@id":"https:\/\/maliartysci.schoolpage.pl\/#\/schema\/logo\/image\/"}}]}},"_links":{"self":[{"href":"https:\/\/maliartysci.schoolpage.pl\/index.php\/wp-json\/wp\/v2\/pages\/62","targetHints":{"allow":["GET"]}}],"collection":[{"href":"https:\/\/maliartysci.schoolpage.pl\/index.php\/wp-json\/wp\/v2\/pages"}],"about":[{"href":"https:\/\/maliartysci.schoolpage.pl\/index.php\/wp-json\/wp\/v2\/types\/page"}],"author":[{"embeddable":true,"href":"https:\/\/maliartysci.schoolpage.pl\/index.php\/wp-json\/wp\/v2\/users\/1"}],"replies":[{"embeddable":true,"href":"https:\/\/maliartysci.schoolpage.pl\/index.php\/wp-json\/wp\/v2\/comments?post=62"}],"version-history":[{"count":6,"href":"https:\/\/maliartysci.schoolpage.pl\/index.php\/wp-json\/wp\/v2\/pages\/62\/revisions"}],"predecessor-version":[{"id":827,"href":"https:\/\/maliartysci.schoolpage.pl\/index.php\/wp-json\/wp\/v2\/pages\/62\/revisions\/827"}],"up":[{"embeddable":true,"href":"https:\/\/maliartysci.schoolpage.pl\/index.php\/wp-json\/wp\/v2\/pages\/16"}],"wp:attachment":[{"href":"https:\/\/maliartysci.schoolpage.pl\/index.php\/wp-json\/wp\/v2\/media?parent=62"}],"curies":[{"name":"wp","href":"https:\/\/api.w.org\/{rel}","templated":true}]}}