{"id":15,"date":"2019-10-08T20:36:24","date_gmt":"2019-10-08T18:36:24","guid":{"rendered":"https:\/\/maliartysci.schoolpage.pl\/?page_id=15"},"modified":"2023-10-28T18:21:47","modified_gmt":"2023-10-28T16:21:47","slug":"strona-glowna","status":"publish","type":"page","link":"https:\/\/maliartysci.schoolpage.pl\/","title":{"rendered":"G\u0142\u00f3wna"},"content":{"rendered":"<p style=\"text-align: center;\"><strong>Witamy na stronie internetowej naszego przedszkola. Odt\u0105d b\u0119dziemy widoczni pod adresem: <span style=\"color: #000080;\">www.maliartysci.schoolpage.pl<\/span><\/strong><\/p>\n\n\n<p class=\"has-luminous-vivid-orange-color has-text-color\"><strong>Drodzy rodzice<\/strong><\/p>\n\n\n\n<p class=\"has-vivid-green-cyan-color has-text-color\"><strong>Zdajemy sobie spraw\u0119, jak wa\u017cny jest dla Pa\u0144stwa wyb\u00f3r przedszkola, do kt\u00f3rego b\u0119dzie ucz\u0119szcza\u0107 Wasze dziecko.<\/strong><\/p>\n\n\n\n<p>Nasze przedszkole powstaje po to, aby stworzy\u0107 dla Waszych pociech przyjazn\u0105 i rodzinn\u0105 atmosfer\u0119, oraz idealne warunki dla ich rozwoju emocjonalnego, spo\u0142ecznego i fizycznego.<\/p>\n\n\n\n<p>&#8222;Fajne Przedszkole\u201d to nowa plac\u00f3wka o\u015bwiatowa zarejestrowana w Wydziale Edukacji miasta Krakowa pod nazw\u0105 \u201eNiepubliczne Przedszkole \u2013 Mali Arty\u015bci\u201d . Plac\u00f3wka zlokalizowana jest w spokojnej okolicy osiedla \u201eFajny Dom\u201d, z dala od zgie\u0142ku miasta , przy ul. So\u0142tysowskiej z dogodnym wjazdem od Alei Pokoju.<br><\/p>\n\n\n\n<p>Lokal spe\u0142nia wszystkie normy bezpiecze\u0144stwa oraz wymogi higieny konieczne dla tego typu plac\u00f3wek.<\/p>\n\n\n\n<p>Dzieci zapraszamy do&nbsp; czterech ciep\u0142ych, w pe\u0142ni wyposa\u017conych sal, gdzie w kameralnych grupach (12-15 os\u00f3b) b\u0119d\u0105 mog\u0142y uczy\u0107 si\u0119, bawi\u0107, rozwija\u0107 swoje zdolno\u015bci i poznawa\u0107 nowych koleg\u00f3w.<\/p>\n\n\n\n<p>Wszystkie te zaj\u0119cia odbywaj\u0105 si\u0119 pod kierunkiem wyspecjalizowanej kadry pedagogicznej, kt\u00f3ra od poniedzia\u0142ku do pi\u0105tku w godz. 7,00 \u2013 18,00( godziny pracy przedszkola) opiekuje si\u0119 dzie\u0107mi i jest r\u00f3wnie\u017c do Pa\u0144stwa dyspozycji.<\/p>\n\n\n\n<p class=\"has-vivid-green-cyan-color has-text-color\"><strong>Przyjmujemy dzieci w wieku 2,5 do 6 lat.<\/strong><\/p>\n\n\n\n<p><strong>Czas pracy z dzie\u0107mi dostosowujemy do jego potrzeb i mo\u017cliwo\u015bci.<\/strong><\/p>\n\n\n\n<p><strong>Indywidualnie podchodzimy do dzieci, staraj\u0105c si\u0119 rozwija\u0107 ich zdolno\u015bci i predyspozycje.<\/strong><\/p>\n\n\n\n<p><strong>Wpajamy zasady i normy wsp\u00f3\u0142\u017cycia spo\u0142ecznego, utrwalamy poczucie godno\u015bci i poszanowania godno\u015bci innych.<\/strong><\/p>\n\n\n\n<p class=\"has-vivid-red-color has-text-color\">Nasze przedszkole ma mo\u017cliwo\u015b\u0107 organizowania zaj\u0119\u0107 na terenie w\u0142asnego ogr\u00f3dka przylegaj\u0105cego do sal przedszkolnych   (DWIE PIASKOWNICE,TRAMPOLINA,DOMKI,STOLIKI I \u0141AWECZKI ).<strong><br> <\/strong><\/p>\n\n\n\n<p><strong>Tak wi\u0119c Pa\u0144stwa pociechy b\u0119d\u0105 mog\u0142y ucz\u0105c si\u0119 jednocze\u015bnie przebywa\u0107 na \u015bwie\u017cym powietrzu.<\/strong><\/p>\n\n\n\n<p class=\"has-luminous-vivid-orange-color has-text-color\"><strong><em>Zapraszamy do \u201eFajnego Przedszkola\u201d.<\/em><\/strong><\/p>\n","protected":false},"excerpt":{"rendered":"<p>Witamy na stronie internetowej naszego przedszkola. Odt\u0105d b\u0119dziemy widoczni pod adresem: www.maliartysci.schoolpage.pl Drodzy rodzice Zdajemy sobie spraw\u0119, jak wa\u017cny jest dla Pa\u0144stwa wyb\u00f3r przedszkola, do kt\u00f3rego b\u0119dzie ucz\u0119szcza\u0107 Wasze dziecko. Nasze przedszkole powstaje po to, aby stworzy\u0107 dla Waszych pociech<\/p>\n","protected":false},"author":1,"featured_media":0,"parent":0,"menu_order":0,"comment_status":"closed","ping_status":"closed","template":"","meta":{"footnotes":""},"class_list":["post-15","page","type-page","status-publish","hentry"],"yoast_head":"<!-- This site is optimized with the Yoast SEO plugin v27.5 - https:\/\/yoast.com\/product\/yoast-seo-wordpress\/ -->\n<title>G\u0142\u00f3wna - Mali Arty\u015bci<\/title>\n<meta name=\"robots\" content=\"index, follow, max-snippet:-1, max-image-preview:large, max-video-preview:-1\" \/>\n<link rel=\"canonical\" href=\"https:\/\/maliartysci.schoolpage.pl\/\" \/>\n<meta property=\"og:locale\" content=\"pl_PL\" \/>\n<meta property=\"og:type\" content=\"article\" \/>\n<meta property=\"og:title\" content=\"G\u0142\u00f3wna - Mali Arty\u015bci\" \/>\n<meta property=\"og:description\" content=\"Witamy na stronie internetowej naszego przedszkola. Odt\u0105d b\u0119dziemy widoczni pod adresem: www.maliartysci.schoolpage.pl Drodzy rodzice Zdajemy sobie spraw\u0119, jak wa\u017cny jest dla Pa\u0144stwa wyb\u00f3r przedszkola, do kt\u00f3rego b\u0119dzie ucz\u0119szcza\u0107 Wasze dziecko. Nasze przedszkole powstaje po to, aby stworzy\u0107 dla Waszych pociech\" \/>\n<meta property=\"og:url\" content=\"https:\/\/maliartysci.schoolpage.pl\/\" \/>\n<meta property=\"og:site_name\" content=\"Mali Arty\u015bci\" \/>\n<meta property=\"article:modified_time\" content=\"2023-10-28T16:21:47+00:00\" \/>\n<meta name=\"twitter:card\" content=\"summary_large_image\" \/>\n<meta name=\"twitter:label1\" content=\"Szacowany czas czytania\" \/>\n\t<meta name=\"twitter:data1\" content=\"2 minuty\" \/>\n<script type=\"application\/ld+json\" class=\"yoast-schema-graph\">{\"@context\":\"https:\\\/\\\/schema.org\",\"@graph\":[{\"@type\":\"WebPage\",\"@id\":\"https:\\\/\\\/maliartysci.schoolpage.pl\\\/\",\"url\":\"https:\\\/\\\/maliartysci.schoolpage.pl\\\/\",\"name\":\"G\u0142\u00f3wna - Mali Arty\u015bci\",\"isPartOf\":{\"@id\":\"https:\\\/\\\/maliartysci.schoolpage.pl\\\/#website\"},\"datePublished\":\"2019-10-08T18:36:24+00:00\",\"dateModified\":\"2023-10-28T16:21:47+00:00\",\"breadcrumb\":{\"@id\":\"https:\\\/\\\/maliartysci.schoolpage.pl\\\/#breadcrumb\"},\"inLanguage\":\"pl-PL\",\"potentialAction\":[{\"@type\":\"ReadAction\",\"target\":[\"https:\\\/\\\/maliartysci.schoolpage.pl\\\/\"]}]},{\"@type\":\"BreadcrumbList\",\"@id\":\"https:\\\/\\\/maliartysci.schoolpage.pl\\\/#breadcrumb\",\"itemListElement\":[{\"@type\":\"ListItem\",\"position\":1,\"name\":\"Strona g\u0142\u00f3wna\",\"item\":\"https:\\\/\\\/maliartysci.schoolpage.pl\\\/\"},{\"@type\":\"ListItem\",\"position\":2,\"name\":\"G\u0142\u00f3wna\"}]},{\"@type\":\"WebSite\",\"@id\":\"https:\\\/\\\/maliartysci.schoolpage.pl\\\/#website\",\"url\":\"https:\\\/\\\/maliartysci.schoolpage.pl\\\/\",\"name\":\"Mali Arty\u015bci\",\"description\":\"Niepubliczne Przedszkole\",\"publisher\":{\"@id\":\"https:\\\/\\\/maliartysci.schoolpage.pl\\\/#organization\"},\"potentialAction\":[{\"@type\":\"SearchAction\",\"target\":{\"@type\":\"EntryPoint\",\"urlTemplate\":\"https:\\\/\\\/maliartysci.schoolpage.pl\\\/?s={search_term_string}\"},\"query-input\":{\"@type\":\"PropertyValueSpecification\",\"valueRequired\":true,\"valueName\":\"search_term_string\"}}],\"inLanguage\":\"pl-PL\"},{\"@type\":\"Organization\",\"@id\":\"https:\\\/\\\/maliartysci.schoolpage.pl\\\/#organization\",\"name\":\"Mali Arty\u015bci\",\"url\":\"https:\\\/\\\/maliartysci.schoolpage.pl\\\/\",\"logo\":{\"@type\":\"ImageObject\",\"inLanguage\":\"pl-PL\",\"@id\":\"https:\\\/\\\/maliartysci.schoolpage.pl\\\/#\\\/schema\\\/logo\\\/image\\\/\",\"url\":\"https:\\\/\\\/maliartysci.schoolpage.pl\\\/wp-content\\\/uploads\\\/2019\\\/10\\\/cropped-logo-ma\u0142e72.jpg\",\"contentUrl\":\"https:\\\/\\\/maliartysci.schoolpage.pl\\\/wp-content\\\/uploads\\\/2019\\\/10\\\/cropped-logo-ma\u0142e72.jpg\",\"width\":90,\"height\":90,\"caption\":\"Mali Arty\u015bci\"},\"image\":{\"@id\":\"https:\\\/\\\/maliartysci.schoolpage.pl\\\/#\\\/schema\\\/logo\\\/image\\\/\"}}]}<\/script>\n<!-- \/ Yoast SEO plugin. -->","yoast_head_json":{"title":"G\u0142\u00f3wna - Mali Arty\u015bci","robots":{"index":"index","follow":"follow","max-snippet":"max-snippet:-1","max-image-preview":"max-image-preview:large","max-video-preview":"max-video-preview:-1"},"canonical":"https:\/\/maliartysci.schoolpage.pl\/","og_locale":"pl_PL","og_type":"article","og_title":"G\u0142\u00f3wna - Mali Arty\u015bci","og_description":"Witamy na stronie internetowej naszego przedszkola. Odt\u0105d b\u0119dziemy widoczni pod adresem: www.maliartysci.schoolpage.pl Drodzy rodzice Zdajemy sobie spraw\u0119, jak wa\u017cny jest dla Pa\u0144stwa wyb\u00f3r przedszkola, do kt\u00f3rego b\u0119dzie ucz\u0119szcza\u0107 Wasze dziecko. Nasze przedszkole powstaje po to, aby stworzy\u0107 dla Waszych pociech","og_url":"https:\/\/maliartysci.schoolpage.pl\/","og_site_name":"Mali Arty\u015bci","article_modified_time":"2023-10-28T16:21:47+00:00","twitter_card":"summary_large_image","twitter_misc":{"Szacowany czas czytania":"2 minuty"},"schema":{"@context":"https:\/\/schema.org","@graph":[{"@type":"WebPage","@id":"https:\/\/maliartysci.schoolpage.pl\/","url":"https:\/\/maliartysci.schoolpage.pl\/","name":"G\u0142\u00f3wna - Mali Arty\u015bci","isPartOf":{"@id":"https:\/\/maliartysci.schoolpage.pl\/#website"},"datePublished":"2019-10-08T18:36:24+00:00","dateModified":"2023-10-28T16:21:47+00:00","breadcrumb":{"@id":"https:\/\/maliartysci.schoolpage.pl\/#breadcrumb"},"inLanguage":"pl-PL","potentialAction":[{"@type":"ReadAction","target":["https:\/\/maliartysci.schoolpage.pl\/"]}]},{"@type":"BreadcrumbList","@id":"https:\/\/maliartysci.schoolpage.pl\/#breadcrumb","itemListElement":[{"@type":"ListItem","position":1,"name":"Strona g\u0142\u00f3wna","item":"https:\/\/maliartysci.schoolpage.pl\/"},{"@type":"ListItem","position":2,"name":"G\u0142\u00f3wna"}]},{"@type":"WebSite","@id":"https:\/\/maliartysci.schoolpage.pl\/#website","url":"https:\/\/maliartysci.schoolpage.pl\/","name":"Mali Arty\u015bci","description":"Niepubliczne Przedszkole","publisher":{"@id":"https:\/\/maliartysci.schoolpage.pl\/#organization"},"potentialAction":[{"@type":"SearchAction","target":{"@type":"EntryPoint","urlTemplate":"https:\/\/maliartysci.schoolpage.pl\/?s={search_term_string}"},"query-input":{"@type":"PropertyValueSpecification","valueRequired":true,"valueName":"search_term_string"}}],"inLanguage":"pl-PL"},{"@type":"Organization","@id":"https:\/\/maliartysci.schoolpage.pl\/#organization","name":"Mali Arty\u015bci","url":"https:\/\/maliartysci.schoolpage.pl\/","logo":{"@type":"ImageObject","inLanguage":"pl-PL","@id":"https:\/\/maliartysci.schoolpage.pl\/#\/schema\/logo\/image\/","url":"https:\/\/maliartysci.schoolpage.pl\/wp-content\/uploads\/2019\/10\/cropped-logo-ma\u0142e72.jpg","contentUrl":"https:\/\/maliartysci.schoolpage.pl\/wp-content\/uploads\/2019\/10\/cropped-logo-ma\u0142e72.jpg","width":90,"height":90,"caption":"Mali Arty\u015bci"},"image":{"@id":"https:\/\/maliartysci.schoolpage.pl\/#\/schema\/logo\/image\/"}}]}},"_links":{"self":[{"href":"https:\/\/maliartysci.schoolpage.pl\/index.php\/wp-json\/wp\/v2\/pages\/15","targetHints":{"allow":["GET"]}}],"collection":[{"href":"https:\/\/maliartysci.schoolpage.pl\/index.php\/wp-json\/wp\/v2\/pages"}],"about":[{"href":"https:\/\/maliartysci.schoolpage.pl\/index.php\/wp-json\/wp\/v2\/types\/page"}],"author":[{"embeddable":true,"href":"https:\/\/maliartysci.schoolpage.pl\/index.php\/wp-json\/wp\/v2\/users\/1"}],"replies":[{"embeddable":true,"href":"https:\/\/maliartysci.schoolpage.pl\/index.php\/wp-json\/wp\/v2\/comments?post=15"}],"version-history":[{"count":10,"href":"https:\/\/maliartysci.schoolpage.pl\/index.php\/wp-json\/wp\/v2\/pages\/15\/revisions"}],"predecessor-version":[{"id":983,"href":"https:\/\/maliartysci.schoolpage.pl\/index.php\/wp-json\/wp\/v2\/pages\/15\/revisions\/983"}],"wp:attachment":[{"href":"https:\/\/maliartysci.schoolpage.pl\/index.php\/wp-json\/wp\/v2\/media?parent=15"}],"curies":[{"name":"wp","href":"https:\/\/api.w.org\/{rel}","templated":true}]}}